{"id":12,"date":"2023-06-30T10:25:13","date_gmt":"2023-06-30T08:25:13","guid":{"rendered":"http:\/\/chateaudebayssan.fr\/?page_id=12"},"modified":"2023-08-30T10:55:36","modified_gmt":"2023-08-30T08:55:36","slug":"activites","status":"publish","type":"page","link":"https:\/\/chateaudebayssan.fr\/en\/activites\/","title":{"rendered":"activities"},"content":{"rendered":"<div data-elementor-type=\"wp-page\" data-elementor-id=\"12\" class=\"elementor elementor-12\" data-elementor-post-type=\"page\">\n\t\t\t\t\t\t<section class=\"elementor-section elementor-top-section elementor-element elementor-element-42a74d5 elementor-hidden-desktop elementor-hidden-tablet elementor-section-boxed elementor-section-height-default elementor-section-height-default\" data-id=\"42a74d5\" data-element_type=\"section\" data-e-type=\"section\" data-settings=\"{&quot;background_background&quot;:&quot;classic&quot;}\">\n\t\t\t\t\t\t<div class=\"elementor-container elementor-column-gap-default\">\n\t\t\t\t\t<div class=\"elementor-column elementor-col-100 elementor-top-column elementor-element elementor-element-d7f99e4\" data-id=\"d7f99e4\" data-element_type=\"column\" data-e-type=\"column\">\n\t\t\t<div class=\"elementor-widget-wrap elementor-element-populated\">\n\t\t\t\t\t\t<div class=\"elementor-element elementor-element-19728aa elementor-widget elementor-widget-spacer\" data-id=\"19728aa\" data-element_type=\"widget\" data-e-type=\"widget\" data-widget_type=\"spacer.default\">\n\t\t\t\t<div class=\"elementor-widget-container\">\n\t\t\t\t\t\t\t<div class=\"elementor-spacer\">\n\t\t\t<div class=\"elementor-spacer-inner\"><\/div>\n\t\t<\/div>\n\t\t\t\t\t\t<\/div>\n\t\t\t\t<\/div>\n\t\t\t\t\t<\/div>\n\t\t<\/div>\n\t\t\t\t\t<\/div>\n\t\t<\/section>\n\t\t\t\t<section class=\"elementor-section elementor-top-section elementor-element elementor-element-b03a432 elementor-section-full_width elementor-section-height-full elementor-section-height-default elementor-section-items-middle\" data-id=\"b03a432\" data-element_type=\"section\" data-e-type=\"section\">\n\t\t\t\t\t\t<div class=\"elementor-container elementor-column-gap-default\">\n\t\t\t\t\t<div class=\"elementor-column elementor-col-50 elementor-top-column elementor-element elementor-element-ef2350a elementor-invisible\" data-id=\"ef2350a\" data-element_type=\"column\" data-e-type=\"column\" data-settings=\"{&quot;animation&quot;:&quot;fadeInLeft&quot;}\">\n\t\t\t<div class=\"elementor-widget-wrap elementor-element-populated\">\n\t\t\t\t\t\t<div class=\"elementor-element elementor-element-dd2a7c7 elementor-cta--skin-cover elementor-cta--valign-middle elementor-widget elementor-widget-call-to-action\" data-id=\"dd2a7c7\" data-element_type=\"widget\" data-e-type=\"widget\" data-widget_type=\"call-to-action.default\">\n\t\t\t\t<div class=\"elementor-widget-container\">\n\t\t\t\t\t\t\t<a class=\"elementor-cta\" href=\"https:\/\/chateaudebayssan.fr\/index.php\/tourisme\/\">\n\t\t\t\t\t<div class=\"elementor-cta__bg-wrapper\">\n\t\t\t\t<div class=\"elementor-cta__bg elementor-bg\" style=\"background-image: url(https:\/\/chateaudebayssan.fr\/wp-content\/uploads\/2023\/07\/beziers-cathedral-on-top-of-a-hill-2021-08-26-16-22-26-utc-1-scaled.jpg);\" role=\"img\" aria-label=\"Cath\u00e9drale de B\u00e9ziers\"><\/div>\n\t\t\t\t<div class=\"elementor-cta__bg-overlay\"><\/div>\n\t\t\t<\/div>\n\t\t\t\t\t\t\t<div class=\"elementor-cta__content\">\n\t\t\t\t\n\t\t\t\t\t\t\t\t\t<h2 class=\"elementor-cta__title elementor-cta__content-item elementor-content-item\">\n\t\t\t\t\t\tTourism\t\t\t\t\t<\/h2>\n\t\t\t\t\n\t\t\t\t\n\t\t\t\t\t\t\t<\/div>\n\t\t\t\t\t\t<\/a>\n\t\t\t\t\t\t<\/div>\n\t\t\t\t<\/div>\n\t\t\t\t\t<\/div>\n\t\t<\/div>\n\t\t\t\t<div class=\"elementor-column elementor-col-50 elementor-top-column elementor-element elementor-element-3bc1552 elementor-invisible\" data-id=\"3bc1552\" data-element_type=\"column\" data-e-type=\"column\" data-settings=\"{&quot;animation&quot;:&quot;fadeInRight&quot;}\">\n\t\t\t<div class=\"elementor-widget-wrap elementor-element-populated\">\n\t\t\t\t\t\t<div class=\"elementor-element elementor-element-7548929 elementor-cta--skin-cover elementor-widget elementor-widget-call-to-action\" data-id=\"7548929\" data-element_type=\"widget\" data-e-type=\"widget\" data-widget_type=\"call-to-action.default\">\n\t\t\t\t<div class=\"elementor-widget-container\">\n\t\t\t\t\t\t\t<a class=\"elementor-cta\" href=\"https:\/\/chateaudebayssan.fr\/index.php\/s\/\">\n\t\t\t\t\t<div class=\"elementor-cta__bg-wrapper\">\n\t\t\t\t<div class=\"elementor-cta__bg elementor-bg\" style=\"background-image: url(https:\/\/chateaudebayssan.fr\/wp-content\/uploads\/2023\/07\/Beziers-Jeudis-de-Beziers-Phototendance-3-1200x799-1.jpeg);\" role=\"img\" aria-label=\"Jeudis de Beziers\"><\/div>\n\t\t\t\t<div class=\"elementor-cta__bg-overlay\"><\/div>\n\t\t\t<\/div>\n\t\t\t\t\t\t\t<div class=\"elementor-cta__content\">\n\t\t\t\t\n\t\t\t\t\t\t\t\t\t<h2 class=\"elementor-cta__title elementor-cta__content-item elementor-content-item\">\n\t\t\t\t\t\tActivities\t\t\t\t\t<\/h2>\n\t\t\t\t\n\t\t\t\t\n\t\t\t\t\t\t\t<\/div>\n\t\t\t\t\t\t<\/a>\n\t\t\t\t\t\t<\/div>\n\t\t\t\t<\/div>\n\t\t\t\t\t<\/div>\n\t\t<\/div>\n\t\t\t\t\t<\/div>\n\t\t<\/section>\n\t\t\t\t<\/div>","protected":false},"excerpt":{"rendered":"<p>Tourisme activit\u00e9s<\/p>","protected":false},"author":1,"featured_media":0,"parent":0,"menu_order":5,"comment_status":"closed","ping_status":"closed","template":"","meta":{"footnotes":""},"class_list":["post-12","page","type-page","status-publish","hentry"],"yoast_head":"<!-- This site is optimized with the Yoast SEO plugin v27.4 - https:\/\/yoast.com\/product\/yoast-seo-wordpress\/ -->\n<title>Ch\u00e2teau de Bayssan | Activit\u00e9s<\/title>\n<meta name=\"description\" content=\"Le Ch\u00e2teau de Bayssan vous accueille \u00e0 B\u00e9ziers pour vos vacances ou vos \u00e9v\u00e9nements dans un H\u00f4tel Particulier enti\u00e8rement r\u00e9nov\u00e9 au milieu des vignes. Nos trois appartements confortables et baign\u00e9s de lumi\u00e8re peuvent accueillir entre 2 et 8 personnes.\" \/>\n<meta name=\"robots\" content=\"index, follow, max-snippet:-1, max-image-preview:large, max-video-preview:-1\" \/>\n<link rel=\"canonical\" href=\"https:\/\/chateaudebayssan.fr\/en\/activites\/\" \/>\n<meta property=\"og:locale\" content=\"en_GB\" \/>\n<meta property=\"og:type\" content=\"article\" \/>\n<meta property=\"og:title\" content=\"Ch\u00e2teau de Bayssan | Activit\u00e9s\" \/>\n<meta property=\"og:description\" content=\"Le Ch\u00e2teau de Bayssan vous accueille \u00e0 B\u00e9ziers pour vos vacances ou vos \u00e9v\u00e9nements dans un H\u00f4tel Particulier enti\u00e8rement r\u00e9nov\u00e9 au milieu des vignes. Nos trois appartements confortables et baign\u00e9s de lumi\u00e8re peuvent accueillir entre 2 et 8 personnes.\" \/>\n<meta property=\"og:url\" content=\"https:\/\/chateaudebayssan.fr\/en\/activites\/\" \/>\n<meta property=\"og:site_name\" content=\"Ch\u00e2teau de Bayssan\" \/>\n<meta property=\"article:publisher\" content=\"https:\/\/www.facebook.com\/profile.php?id=100094636358755\" \/>\n<meta property=\"article:modified_time\" content=\"2023-08-30T08:55:36+00:00\" \/>\n<meta property=\"og:image\" content=\"https:\/\/chateaudebayssan.fr\/wp-content\/uploads\/2023\/08\/couverture-facebook.jpg\" \/>\n\t<meta property=\"og:image:width\" content=\"1200\" \/>\n\t<meta property=\"og:image:height\" content=\"675\" \/>\n\t<meta property=\"og:image:type\" content=\"image\/jpeg\" \/>\n<meta name=\"twitter:card\" content=\"summary_large_image\" \/>\n<meta name=\"twitter:label1\" content=\"Estimated reading time\" \/>\n\t<meta name=\"twitter:data1\" content=\"1 minute\" \/>\n<script type=\"application\/ld+json\" class=\"yoast-schema-graph\">{\"@context\":\"https:\\\/\\\/schema.org\",\"@graph\":[{\"@type\":\"WebPage\",\"@id\":\"https:\\\/\\\/chateaudebayssan.fr\\\/activites\\\/\",\"url\":\"https:\\\/\\\/chateaudebayssan.fr\\\/activites\\\/\",\"name\":\"Ch\u00e2teau de Bayssan | Activit\u00e9s\",\"isPartOf\":{\"@id\":\"https:\\\/\\\/chateaudebayssan.fr\\\/#website\"},\"datePublished\":\"2023-06-30T08:25:13+00:00\",\"dateModified\":\"2023-08-30T08:55:36+00:00\",\"description\":\"Le Ch\u00e2teau de Bayssan vous accueille \u00e0 B\u00e9ziers pour vos vacances ou vos \u00e9v\u00e9nements dans un H\u00f4tel Particulier enti\u00e8rement r\u00e9nov\u00e9 au milieu des vignes. Nos trois appartements confortables et baign\u00e9s de lumi\u00e8re peuvent accueillir entre 2 et 8 personnes.\",\"breadcrumb\":{\"@id\":\"https:\\\/\\\/chateaudebayssan.fr\\\/activites\\\/#breadcrumb\"},\"inLanguage\":\"en-GB\",\"potentialAction\":[{\"@type\":\"ReadAction\",\"target\":[\"https:\\\/\\\/chateaudebayssan.fr\\\/activites\\\/\"]}]},{\"@type\":\"BreadcrumbList\",\"@id\":\"https:\\\/\\\/chateaudebayssan.fr\\\/activites\\\/#breadcrumb\",\"itemListElement\":[{\"@type\":\"ListItem\",\"position\":1,\"name\":\"Accueil\",\"item\":\"https:\\\/\\\/chateaudebayssan.fr\\\/\"},{\"@type\":\"ListItem\",\"position\":2,\"name\":\"Activit\u00e9s\"}]},{\"@type\":\"WebSite\",\"@id\":\"https:\\\/\\\/chateaudebayssan.fr\\\/#website\",\"url\":\"https:\\\/\\\/chateaudebayssan.fr\\\/\",\"name\":\"Ch\u00e2teau de Bayssan\",\"description\":\"Maison d&#039;h\u00f4tes et r\u00e9ception \u00e0 B\u00e9ziers\",\"publisher\":{\"@id\":\"https:\\\/\\\/chateaudebayssan.fr\\\/#organization\"},\"alternateName\":\"Bayssan\",\"potentialAction\":[{\"@type\":\"SearchAction\",\"target\":{\"@type\":\"EntryPoint\",\"urlTemplate\":\"https:\\\/\\\/chateaudebayssan.fr\\\/?s={search_term_string}\"},\"query-input\":{\"@type\":\"PropertyValueSpecification\",\"valueRequired\":true,\"valueName\":\"search_term_string\"}}],\"inLanguage\":\"en-GB\"},{\"@type\":\"Organization\",\"@id\":\"https:\\\/\\\/chateaudebayssan.fr\\\/#organization\",\"name\":\"Ch\u00e2teau de Bayssan\",\"alternateName\":\"Bayssan\",\"url\":\"https:\\\/\\\/chateaudebayssan.fr\\\/\",\"logo\":{\"@type\":\"ImageObject\",\"inLanguage\":\"en-GB\",\"@id\":\"https:\\\/\\\/chateaudebayssan.fr\\\/#\\\/schema\\\/logo\\\/image\\\/\",\"url\":\"https:\\\/\\\/chateaudebayssan.fr\\\/wp-content\\\/uploads\\\/2023\\\/08\\\/logo-chateau-de-bayssan.jpg\",\"contentUrl\":\"https:\\\/\\\/chateaudebayssan.fr\\\/wp-content\\\/uploads\\\/2023\\\/08\\\/logo-chateau-de-bayssan.jpg\",\"width\":2500,\"height\":2500,\"caption\":\"Ch\u00e2teau de Bayssan\"},\"image\":{\"@id\":\"https:\\\/\\\/chateaudebayssan.fr\\\/#\\\/schema\\\/logo\\\/image\\\/\"},\"sameAs\":[\"https:\\\/\\\/www.facebook.com\\\/profile.php?id=100094636358755\",\"https:\\\/\\\/www.instagram.com\\\/chateaudebayssan\\\/\"]}]}<\/script>\n<!-- \/ Yoast SEO plugin. -->","yoast_head_json":{"title":"Ch\u00e2teau de Bayssan | Activit\u00e9s","description":"Le Ch\u00e2teau de Bayssan vous accueille \u00e0 B\u00e9ziers pour vos vacances ou vos \u00e9v\u00e9nements dans un H\u00f4tel Particulier enti\u00e8rement r\u00e9nov\u00e9 au milieu des vignes. Nos trois appartements confortables et baign\u00e9s de lumi\u00e8re peuvent accueillir entre 2 et 8 personnes.","robots":{"index":"index","follow":"follow","max-snippet":"max-snippet:-1","max-image-preview":"max-image-preview:large","max-video-preview":"max-video-preview:-1"},"canonical":"https:\/\/chateaudebayssan.fr\/en\/activites\/","og_locale":"en_GB","og_type":"article","og_title":"Ch\u00e2teau de Bayssan | Activit\u00e9s","og_description":"Le Ch\u00e2teau de Bayssan vous accueille \u00e0 B\u00e9ziers pour vos vacances ou vos \u00e9v\u00e9nements dans un H\u00f4tel Particulier enti\u00e8rement r\u00e9nov\u00e9 au milieu des vignes. Nos trois appartements confortables et baign\u00e9s de lumi\u00e8re peuvent accueillir entre 2 et 8 personnes.","og_url":"https:\/\/chateaudebayssan.fr\/en\/activites\/","og_site_name":"Ch\u00e2teau de Bayssan","article_publisher":"https:\/\/www.facebook.com\/profile.php?id=100094636358755","article_modified_time":"2023-08-30T08:55:36+00:00","og_image":[{"width":1200,"height":675,"url":"https:\/\/chateaudebayssan.fr\/wp-content\/uploads\/2023\/08\/couverture-facebook.jpg","type":"image\/jpeg"}],"twitter_card":"summary_large_image","twitter_misc":{"Estimated reading time":"1 minute"},"schema":{"@context":"https:\/\/schema.org","@graph":[{"@type":"WebPage","@id":"https:\/\/chateaudebayssan.fr\/activites\/","url":"https:\/\/chateaudebayssan.fr\/activites\/","name":"Ch\u00e2teau de Bayssan | Activit\u00e9s","isPartOf":{"@id":"https:\/\/chateaudebayssan.fr\/#website"},"datePublished":"2023-06-30T08:25:13+00:00","dateModified":"2023-08-30T08:55:36+00:00","description":"Le Ch\u00e2teau de Bayssan vous accueille \u00e0 B\u00e9ziers pour vos vacances ou vos \u00e9v\u00e9nements dans un H\u00f4tel Particulier enti\u00e8rement r\u00e9nov\u00e9 au milieu des vignes. Nos trois appartements confortables et baign\u00e9s de lumi\u00e8re peuvent accueillir entre 2 et 8 personnes.","breadcrumb":{"@id":"https:\/\/chateaudebayssan.fr\/activites\/#breadcrumb"},"inLanguage":"en-GB","potentialAction":[{"@type":"ReadAction","target":["https:\/\/chateaudebayssan.fr\/activites\/"]}]},{"@type":"BreadcrumbList","@id":"https:\/\/chateaudebayssan.fr\/activites\/#breadcrumb","itemListElement":[{"@type":"ListItem","position":1,"name":"Accueil","item":"https:\/\/chateaudebayssan.fr\/"},{"@type":"ListItem","position":2,"name":"Activit\u00e9s"}]},{"@type":"WebSite","@id":"https:\/\/chateaudebayssan.fr\/#website","url":"https:\/\/chateaudebayssan.fr\/","name":"Ch\u00e2teau de Bayssan","description":"Maison d&#039;h\u00f4tes et r\u00e9ception \u00e0 B\u00e9ziers","publisher":{"@id":"https:\/\/chateaudebayssan.fr\/#organization"},"alternateName":"Bayssan","potentialAction":[{"@type":"SearchAction","target":{"@type":"EntryPoint","urlTemplate":"https:\/\/chateaudebayssan.fr\/?s={search_term_string}"},"query-input":{"@type":"PropertyValueSpecification","valueRequired":true,"valueName":"search_term_string"}}],"inLanguage":"en-GB"},{"@type":"Organization","@id":"https:\/\/chateaudebayssan.fr\/#organization","name":"Ch\u00e2teau de Bayssan","alternateName":"Bayssan","url":"https:\/\/chateaudebayssan.fr\/","logo":{"@type":"ImageObject","inLanguage":"en-GB","@id":"https:\/\/chateaudebayssan.fr\/#\/schema\/logo\/image\/","url":"https:\/\/chateaudebayssan.fr\/wp-content\/uploads\/2023\/08\/logo-chateau-de-bayssan.jpg","contentUrl":"https:\/\/chateaudebayssan.fr\/wp-content\/uploads\/2023\/08\/logo-chateau-de-bayssan.jpg","width":2500,"height":2500,"caption":"Ch\u00e2teau de Bayssan"},"image":{"@id":"https:\/\/chateaudebayssan.fr\/#\/schema\/logo\/image\/"},"sameAs":["https:\/\/www.facebook.com\/profile.php?id=100094636358755","https:\/\/www.instagram.com\/chateaudebayssan\/"]}]}},"_links":{"self":[{"href":"https:\/\/chateaudebayssan.fr\/en\/wp-json\/wp\/v2\/pages\/12","targetHints":{"allow":["GET"]}}],"collection":[{"href":"https:\/\/chateaudebayssan.fr\/en\/wp-json\/wp\/v2\/pages"}],"about":[{"href":"https:\/\/chateaudebayssan.fr\/en\/wp-json\/wp\/v2\/types\/page"}],"author":[{"embeddable":true,"href":"https:\/\/chateaudebayssan.fr\/en\/wp-json\/wp\/v2\/users\/1"}],"replies":[{"embeddable":true,"href":"https:\/\/chateaudebayssan.fr\/en\/wp-json\/wp\/v2\/comments?post=12"}],"version-history":[{"count":76,"href":"https:\/\/chateaudebayssan.fr\/en\/wp-json\/wp\/v2\/pages\/12\/revisions"}],"predecessor-version":[{"id":2138,"href":"https:\/\/chateaudebayssan.fr\/en\/wp-json\/wp\/v2\/pages\/12\/revisions\/2138"}],"wp:attachment":[{"href":"https:\/\/chateaudebayssan.fr\/en\/wp-json\/wp\/v2\/media?parent=12"}],"curies":[{"name":"wp","href":"https:\/\/api.w.org\/{rel}","templated":true}]}}