{"id":1836,"date":"2023-08-28T14:44:36","date_gmt":"2023-08-28T12:44:36","guid":{"rendered":"https:\/\/chateaudebayssan.fr\/?page_id=1836"},"modified":"2023-08-30T11:20:10","modified_gmt":"2023-08-30T09:20:10","slug":"reglement-interieur","status":"publish","type":"page","link":"https:\/\/chateaudebayssan.fr\/en\/reglement-interieur\/","title":{"rendered":"rules of procedure"},"content":{"rendered":"<div data-elementor-type=\"wp-page\" data-elementor-id=\"1836\" class=\"elementor elementor-1836\" data-elementor-post-type=\"page\">\n\t\t\t\t\t\t<section class=\"elementor-section elementor-top-section elementor-element elementor-element-4e1a0c2b elementor-section-boxed elementor-section-height-default elementor-section-height-default\" data-id=\"4e1a0c2b\" data-element_type=\"section\" data-e-type=\"section\" data-settings=\"{&quot;background_background&quot;:&quot;classic&quot;}\">\n\t\t\t\t\t\t<div class=\"elementor-container elementor-column-gap-default\">\n\t\t\t\t\t<div class=\"elementor-column elementor-col-100 elementor-top-column elementor-element elementor-element-5b285938\" data-id=\"5b285938\" data-element_type=\"column\" data-e-type=\"column\">\n\t\t\t<div class=\"elementor-widget-wrap elementor-element-populated\">\n\t\t\t\t\t\t<div class=\"elementor-element elementor-element-73acb1b3 elementor-widget elementor-widget-heading\" data-id=\"73acb1b3\" data-element_type=\"widget\" data-e-type=\"widget\" data-widget_type=\"heading.default\">\n\t\t\t\t<div class=\"elementor-widget-container\">\n\t\t\t\t\t<h2 class=\"elementor-heading-title elementor-size-default\">R\u00c9GLEMENT INT\u00c9RIEUR<\/h2>\t\t\t\t<\/div>\n\t\t\t\t<\/div>\n\t\t\t\t<div class=\"elementor-element elementor-element-33a23397 elementor-widget elementor-widget-text-editor\" data-id=\"33a23397\" data-element_type=\"widget\" data-e-type=\"widget\" data-widget_type=\"text-editor.default\">\n\t\t\t\t<div class=\"elementor-widget-container\">\n\t\t\t\t\t\t\t\t\t<p><strong>Article 1 &#8211; Arriv\u00e9e\/D\u00e9part<\/strong><\/p><p>L\u2019heure d\u2019arriv\u00e9e est pr\u00e9vue entre <strong>16h et 20h<\/strong>. Il est recommand\u00e9 au Locataire d\u2019informer de son heure d\u2019arriv\u00e9e le plus t\u00f4t possible.<\/p><p>Le Locataire doit se pr\u00e9senter le jour pr\u00e9cis\u00e9 et aux heures mentionn\u00e9es. En cas d\u2019arriv\u00e9e tardive, le Locataire devra pr\u00e9venir le propri\u00e9taire du g\u00eete.<\/p><p>L\u2019heure de d\u00e9part est pr\u00e9vue de <strong>8h \u00e0 10h<\/strong>.<\/p><p>\u00a0<\/p><p><strong>Article2 &#8211; Parking<\/strong><\/p><p>Les v\u00e9hicules devront \u00eatre stationn\u00e9s aux emplacements pr\u00e9vus \u00e0 cet effet. La capacit\u00e9 maximale de v\u00e9hicules gar\u00e9s sur le parking est de 10 voitures. Il est interdit de stationner sur les zones engazonn\u00e9es. Les caravanes et camping-cars sont interdits.<\/p><p>\u00a0<\/p><p><strong>Article 3 &#8211; Connexion Internet <\/strong><\/p><p>Le Bailleur fournit une connexion Internet (en fonction de la disponibilit\u00e9 du r\u00e9seau). Le Locataire s\u2019engage \u00e0 respecter les lois en mati\u00e8re de t\u00e9l\u00e9chargement et de consultation de sites.<\/p><p>En cas de demande de autorit\u00e9s comp\u00e9tentes, le Bailleur transmettra les coordonn\u00e9es du locataire ayant b\u00e9n\u00e9fici\u00e9 de ladite connexion.<\/p><p>\u00a0<\/p><p><strong>Article 4 &#8211; Eau, \u00e9lectricit\u00e9 et chauffage<\/strong><\/p><p>La fourniture de l\u2019eau, de l\u2019\u00e9lectricit\u00e9 et du chauffage est comprise dans le prix de la location. Toute consommation d\u2019\u00e9nergie excessive due \u00e0 une consommation anormale sera factur\u00e9e.<\/p><p>\u00a0<\/p><p><strong>Article 5 &#8211; Am\u00e9nagement et Utilisation raisonnable<\/strong><\/p><p>Il est demand\u00e9 au Locataire et aux personnes de son groupe de faire un usage normal et raisonnable du mobilier et des locaux mis \u00e0 sa disposition. Par cons\u00e9quent, en cas d&rsquo;absence du Locataire et de son groupe, il convient d\u2019\u00e9teindre les chauffages, lumi\u00e8res, appareils et robinets. Le Propri\u00e9taire se r\u00e9serve le droit de facturer les charges s\u2019il constate une utilisation abusive et le non-respect des pr\u00e9sentes dispositions. Le mobilier int\u00e9rieur et la literie ne doivent pas \u00eatre transport\u00e9s \u00e0 l\u2019ext\u00e9rieur du logement.<\/p><p>\u00a0<\/p><p><strong>Article 6 &#8211; Mat\u00e9riel de cuisine <\/strong><\/p><p>Le g\u00eete est lou\u00e9 avec le mat\u00e9riel de cuisine tel que pr\u00e9vu dans l\u2019inventaire. Il est mis \u00e0 la disposition du locataire pour son usage normal et raisonnable.<\/p><p>\u00a0<\/p><p><strong>Article 7 \u2013 Literie\/Lingerie<\/strong><\/p><p>Le g\u00eete est lou\u00e9 avec literie (sommier et matelas), al\u00e8ses, couette, oreillers, plaid et coussins conform\u00e9ment \u00e0 l\u2019inventaire.<\/p><p>Le Bailleur propose les draps et serviettes durant votre s\u00e9jour. Le Locataire devra avant son d\u00e9part d\u00e9poser le linge sale (draps, taie d\u2019oreillers, serviettes\u2026) dans une corbeille dans la chambre pr\u00e9vue \u00e0 cet effet.<\/p><p>\u00a0<\/p><p><strong>Article 8 &#8211; Casse et d\u00e9g\u00e2ts<\/strong><\/p><p>En cas de dommage mat\u00e9riel caus\u00e9 par le Locataire, celui-ci en informera imm\u00e9diatement le Propri\u00e9taire. Le montant de la caution sera minor\u00e9 du co\u00fbt de remise en \u00e9tat ou des frais de remplacement sur pr\u00e9sentation de justificatifs par le propri\u00e9taire, et ce, dans un d\u00e9lai maximum d\u2019un mois.<\/p><p>\u00a0<\/p><p><strong>Article 9 &#8211; Ordures<\/strong><\/p><p>Avant son d\u00e9part le Locataire devra jeter ses ordures dans la poubelle situ\u00e9e sur le parking.<\/p><p>\u00a0<\/p><p><strong>Article 10 \u2013 Incendie\/Fumeur<\/strong><\/p><p>Il est strictement interdit de fumer \u00e0 l\u2019int\u00e9rieur du b\u00e2timent et dans le parc.<\/p><p>Une zone fumeur avec cendriers est \u00e0 disposition sur le parvis du ch\u00e2teau sous la v\u00e9randa.<\/p><p>Les chemin\u00e9es sont toutes condamn\u00e9es il est formellement interdit d\u2019allumer un feu dans l\u2019une d\u2019entre elles.<\/p><p>Les bougies sont interdites dans le b\u00e2timent.<\/p><p>Des extincteurs sont pr\u00e9vues pour chaque appartement.<\/p><p>\u00a0<\/p><p><strong>Article 11 &#8211; Nuisance sonores<\/strong><\/p><p>IL est demand\u00e9 au Locataire de faire usages des lieux dans des conditions respectant le repos et la tranquillit\u00e9 de tous.<\/p><p>Le silence est de rigueur entre 22h et 7h.<\/p><p>\u00a0<\/p><p><strong>Article 12 &#8211; Animaux<\/strong><\/p><p>Les animaux des locataires ne sont pas autoris\u00e9s dans le b\u00e2timent.<\/p><p>Il est interdit de caresser et nourrir les animaux, pour leur sant\u00e9 (chiens, chevaux, chat \u2026)<\/p><p>\u00a0<\/p><p><strong>Article 13 &#8211; Accidents<\/strong><\/p><p>Il est rappel\u00e9 que pendant toute la dur\u00e9e du s\u00e9jour, les enfants sont sous la responsabilit\u00e9 des parents. Les r\u00e8gles de s\u00e9curit\u00e9 sont affich\u00e9es \u00e0 l\u2019int\u00e9rieur et \u00e0 l\u2019ext\u00e9rieur du g\u00eete et doivent \u00eatre respect\u00e9es.<\/p><p>Le propri\u00e9taire n\u2019est pas responsable d\u2019 \u00e9ventuels dommages caus\u00e9s par le non-respect des r\u00e8gles du pr\u00e9sent r\u00e8glement int\u00e9rieur.<\/p><p>\u00a0<\/p><p><strong>Article 14 \u2013 S\u00e9curit\u00e9 \/ Entretien<\/strong><\/p><p>Le Locataire s\u2019engage \u00e0 prendre toutes dispositions utiles en mati\u00e8re de s\u00e9curit\u00e9\u00a0:<\/p><p>\u00a0<\/p><p><strong>SURVEILLANCE DES ENFANTS dans le b\u00e2timent, dans le parc, dans les pi\u00e8ces d\u2019eau, pr\u00e8s des animaux et \u00e0 la piscine.<\/strong><\/p><p><strong>\u00a0<\/strong><\/p><p>Le Propri\u00e9taire ne saurait en aucun cas \u00eatre tenu pour responsable des accidents ou dommages qui pourraient survenir dans la propri\u00e9t\u00e9, sur le parking ou dans les man\u0153uvres d\u2019acc\u00e8s ou de sortie de domaine.<\/p><p>\u00a0<\/p><p><strong>NE RIEN JETER DANS LES WC<\/strong><\/p><p>Les lingettes de quelque nature qu\u2019elles soient (couches, tampons, serviettes p\u00e9riodiques, b\u00e2tonnets ouates\u2026) doivent \u00eatre d\u00e9pos\u00e9s \u00e0 la poubelle. Une seule lingette suffit \u00e0 bloquer tout le syst\u00e8me d\u2019assainissement. En cas de blocage des pompes d\u00fb \u00e0 la malveillance, la responsabilit\u00e9 du Locataire sera engag\u00e9e.<\/p><p>\u00a0<\/p><p><strong>Article 15 \u2013 Piscine <\/strong><\/p><p>Une piscine est \u00e0 disposition sur la propri\u00e9t\u00e9. Elle est prot\u00e9g\u00e9e par une cl\u00f4ture et non surveill\u00e9e. Pour la s\u00e9curit\u00e9 de vos enfants, merci de veiller \u00e0 toujours fermer le portillon.\u00a0 Les enfants sont sous la responsabilit\u00e9 de leurs parents et doivent \u00eatre imp\u00e9rativement \u00eatre accompagn\u00e9s d\u2019un adulte pour p\u00e9n\u00e9trer dans l\u2019espace piscine. En tant que propri\u00e9taire nous d\u00e9clinons tout responsabilit\u00e9 en cas d\u2019accident.<\/p><p>\u00a0Aucun objet ne doit \u00eatre laiss\u00e9 \u00e0 votre d\u00e9part. Les parasols doivent \u00eatre ferm\u00e9s en cas de grand vent.<\/p><p>Horaires de baignade\u00a0: 10h00 \u2013 20h00<\/p><p><strong>\u00a0<\/strong><\/p><p><strong>Article 16 \u2013 Espaces Priv\u00e9<\/strong><\/p><p>Des panneaux \u00ab\u00a0priv\u00e9\u00a0\u00bb et des barri\u00e8res d\u00e9limites les espaces interdits aux Locataires, il est formellement interdit de franchir ses limites.<\/p><p>Les fournitures mises \u00e0 disposition de doivent en aucun cas circuler en dehors de l\u2019\u00e9tablissement.<\/p>\t\t\t\t\t\t\t\t<\/div>\n\t\t\t\t<\/div>\n\t\t\t\t\t<\/div>\n\t\t<\/div>\n\t\t\t\t\t<\/div>\n\t\t<\/section>\n\t\t\t\t<\/div>","protected":false},"excerpt":{"rendered":"<p>R\u00c9GLEMENT INT\u00c9RIEUR Article 1 &#8211; Arriv\u00e9e\/D\u00e9part L\u2019heure d\u2019arriv\u00e9e est pr\u00e9vue entre 16h et 20h. Il est recommand\u00e9 au Locataire d\u2019informer de son heure d\u2019arriv\u00e9e le plus t\u00f4t possible. Le Locataire doit se pr\u00e9senter le jour pr\u00e9cis\u00e9 et aux heures mentionn\u00e9es. En cas d\u2019arriv\u00e9e tardive, le Locataire devra pr\u00e9venir le propri\u00e9taire du g\u00eete. L\u2019heure de d\u00e9part [&hellip;]<\/p>\n","protected":false},"author":1,"featured_media":0,"parent":0,"menu_order":10,"comment_status":"closed","ping_status":"closed","template":"","meta":{"footnotes":""},"class_list":["post-1836","page","type-page","status-publish","hentry"],"yoast_head":"<!-- This site is optimized with the Yoast SEO plugin v27.4 - https:\/\/yoast.com\/product\/yoast-seo-wordpress\/ -->\n<title>Ch\u00e2teau de Bayssan | R\u00e9glement int\u00e9rieur<\/title>\n<meta name=\"description\" content=\"Le Ch\u00e2teau de Bayssan vous accueille \u00e0 B\u00e9ziers pour vos vacances ou vos \u00e9v\u00e9nements dans un H\u00f4tel Particulier enti\u00e8rement r\u00e9nov\u00e9 au milieu des vignes. Nos trois appartements confortables et baign\u00e9s de lumi\u00e8re peuvent accueillir entre 2 et 8 personnes.\" \/>\n<meta name=\"robots\" content=\"index, follow, max-snippet:-1, max-image-preview:large, max-video-preview:-1\" \/>\n<link rel=\"canonical\" href=\"https:\/\/chateaudebayssan.fr\/en\/reglement-interieur\/\" \/>\n<meta property=\"og:locale\" content=\"en_GB\" \/>\n<meta property=\"og:type\" content=\"article\" \/>\n<meta property=\"og:title\" content=\"Ch\u00e2teau de Bayssan | R\u00e9glement int\u00e9rieur\" \/>\n<meta property=\"og:description\" content=\"Le Ch\u00e2teau de Bayssan vous accueille \u00e0 B\u00e9ziers pour vos vacances ou vos \u00e9v\u00e9nements dans un H\u00f4tel Particulier enti\u00e8rement r\u00e9nov\u00e9 au milieu des vignes. Nos trois appartements confortables et baign\u00e9s de lumi\u00e8re peuvent accueillir entre 2 et 8 personnes.\" \/>\n<meta property=\"og:url\" content=\"https:\/\/chateaudebayssan.fr\/en\/reglement-interieur\/\" \/>\n<meta property=\"og:site_name\" content=\"Ch\u00e2teau de Bayssan\" \/>\n<meta property=\"article:publisher\" content=\"https:\/\/www.facebook.com\/profile.php?id=100094636358755\" \/>\n<meta property=\"article:modified_time\" content=\"2023-08-30T09:20:10+00:00\" \/>\n<meta property=\"og:image\" content=\"https:\/\/chateaudebayssan.fr\/wp-content\/uploads\/2023\/08\/couverture-facebook.jpg\" \/>\n\t<meta property=\"og:image:width\" content=\"1200\" \/>\n\t<meta property=\"og:image:height\" content=\"675\" \/>\n\t<meta property=\"og:image:type\" content=\"image\/jpeg\" \/>\n<meta name=\"twitter:card\" content=\"summary_large_image\" \/>\n<meta name=\"twitter:label1\" content=\"Estimated reading time\" \/>\n\t<meta name=\"twitter:data1\" content=\"5 minutes\" \/>\n<script type=\"application\/ld+json\" class=\"yoast-schema-graph\">{\"@context\":\"https:\\\/\\\/schema.org\",\"@graph\":[{\"@type\":\"WebPage\",\"@id\":\"https:\\\/\\\/chateaudebayssan.fr\\\/reglement-interieur\\\/\",\"url\":\"https:\\\/\\\/chateaudebayssan.fr\\\/reglement-interieur\\\/\",\"name\":\"Ch\u00e2teau de Bayssan | R\u00e9glement int\u00e9rieur\",\"isPartOf\":{\"@id\":\"https:\\\/\\\/chateaudebayssan.fr\\\/#website\"},\"datePublished\":\"2023-08-28T12:44:36+00:00\",\"dateModified\":\"2023-08-30T09:20:10+00:00\",\"description\":\"Le Ch\u00e2teau de Bayssan vous accueille \u00e0 B\u00e9ziers pour vos vacances ou vos \u00e9v\u00e9nements dans un H\u00f4tel Particulier enti\u00e8rement r\u00e9nov\u00e9 au milieu des vignes. Nos trois appartements confortables et baign\u00e9s de lumi\u00e8re peuvent accueillir entre 2 et 8 personnes.\",\"breadcrumb\":{\"@id\":\"https:\\\/\\\/chateaudebayssan.fr\\\/reglement-interieur\\\/#breadcrumb\"},\"inLanguage\":\"en-GB\",\"potentialAction\":[{\"@type\":\"ReadAction\",\"target\":[\"https:\\\/\\\/chateaudebayssan.fr\\\/reglement-interieur\\\/\"]}]},{\"@type\":\"BreadcrumbList\",\"@id\":\"https:\\\/\\\/chateaudebayssan.fr\\\/reglement-interieur\\\/#breadcrumb\",\"itemListElement\":[{\"@type\":\"ListItem\",\"position\":1,\"name\":\"Accueil\",\"item\":\"https:\\\/\\\/chateaudebayssan.fr\\\/\"},{\"@type\":\"ListItem\",\"position\":2,\"name\":\"R\u00e9glement int\u00e9rieur\"}]},{\"@type\":\"WebSite\",\"@id\":\"https:\\\/\\\/chateaudebayssan.fr\\\/#website\",\"url\":\"https:\\\/\\\/chateaudebayssan.fr\\\/\",\"name\":\"Ch\u00e2teau de Bayssan\",\"description\":\"Maison d&#039;h\u00f4tes et r\u00e9ception \u00e0 B\u00e9ziers\",\"publisher\":{\"@id\":\"https:\\\/\\\/chateaudebayssan.fr\\\/#organization\"},\"alternateName\":\"Bayssan\",\"potentialAction\":[{\"@type\":\"SearchAction\",\"target\":{\"@type\":\"EntryPoint\",\"urlTemplate\":\"https:\\\/\\\/chateaudebayssan.fr\\\/?s={search_term_string}\"},\"query-input\":{\"@type\":\"PropertyValueSpecification\",\"valueRequired\":true,\"valueName\":\"search_term_string\"}}],\"inLanguage\":\"en-GB\"},{\"@type\":\"Organization\",\"@id\":\"https:\\\/\\\/chateaudebayssan.fr\\\/#organization\",\"name\":\"Ch\u00e2teau de Bayssan\",\"alternateName\":\"Bayssan\",\"url\":\"https:\\\/\\\/chateaudebayssan.fr\\\/\",\"logo\":{\"@type\":\"ImageObject\",\"inLanguage\":\"en-GB\",\"@id\":\"https:\\\/\\\/chateaudebayssan.fr\\\/#\\\/schema\\\/logo\\\/image\\\/\",\"url\":\"https:\\\/\\\/chateaudebayssan.fr\\\/wp-content\\\/uploads\\\/2023\\\/08\\\/logo-chateau-de-bayssan.jpg\",\"contentUrl\":\"https:\\\/\\\/chateaudebayssan.fr\\\/wp-content\\\/uploads\\\/2023\\\/08\\\/logo-chateau-de-bayssan.jpg\",\"width\":2500,\"height\":2500,\"caption\":\"Ch\u00e2teau de Bayssan\"},\"image\":{\"@id\":\"https:\\\/\\\/chateaudebayssan.fr\\\/#\\\/schema\\\/logo\\\/image\\\/\"},\"sameAs\":[\"https:\\\/\\\/www.facebook.com\\\/profile.php?id=100094636358755\",\"https:\\\/\\\/www.instagram.com\\\/chateaudebayssan\\\/\"]}]}<\/script>\n<!-- \/ Yoast SEO plugin. -->","yoast_head_json":{"title":"Ch\u00e2teau de Bayssan | R\u00e9glement int\u00e9rieur","description":"Le Ch\u00e2teau de Bayssan vous accueille \u00e0 B\u00e9ziers pour vos vacances ou vos \u00e9v\u00e9nements dans un H\u00f4tel Particulier enti\u00e8rement r\u00e9nov\u00e9 au milieu des vignes. Nos trois appartements confortables et baign\u00e9s de lumi\u00e8re peuvent accueillir entre 2 et 8 personnes.","robots":{"index":"index","follow":"follow","max-snippet":"max-snippet:-1","max-image-preview":"max-image-preview:large","max-video-preview":"max-video-preview:-1"},"canonical":"https:\/\/chateaudebayssan.fr\/en\/reglement-interieur\/","og_locale":"en_GB","og_type":"article","og_title":"Ch\u00e2teau de Bayssan | R\u00e9glement int\u00e9rieur","og_description":"Le Ch\u00e2teau de Bayssan vous accueille \u00e0 B\u00e9ziers pour vos vacances ou vos \u00e9v\u00e9nements dans un H\u00f4tel Particulier enti\u00e8rement r\u00e9nov\u00e9 au milieu des vignes. Nos trois appartements confortables et baign\u00e9s de lumi\u00e8re peuvent accueillir entre 2 et 8 personnes.","og_url":"https:\/\/chateaudebayssan.fr\/en\/reglement-interieur\/","og_site_name":"Ch\u00e2teau de Bayssan","article_publisher":"https:\/\/www.facebook.com\/profile.php?id=100094636358755","article_modified_time":"2023-08-30T09:20:10+00:00","og_image":[{"width":1200,"height":675,"url":"https:\/\/chateaudebayssan.fr\/wp-content\/uploads\/2023\/08\/couverture-facebook.jpg","type":"image\/jpeg"}],"twitter_card":"summary_large_image","twitter_misc":{"Estimated reading time":"5 minutes"},"schema":{"@context":"https:\/\/schema.org","@graph":[{"@type":"WebPage","@id":"https:\/\/chateaudebayssan.fr\/reglement-interieur\/","url":"https:\/\/chateaudebayssan.fr\/reglement-interieur\/","name":"Ch\u00e2teau de Bayssan | R\u00e9glement int\u00e9rieur","isPartOf":{"@id":"https:\/\/chateaudebayssan.fr\/#website"},"datePublished":"2023-08-28T12:44:36+00:00","dateModified":"2023-08-30T09:20:10+00:00","description":"Le Ch\u00e2teau de Bayssan vous accueille \u00e0 B\u00e9ziers pour vos vacances ou vos \u00e9v\u00e9nements dans un H\u00f4tel Particulier enti\u00e8rement r\u00e9nov\u00e9 au milieu des vignes. Nos trois appartements confortables et baign\u00e9s de lumi\u00e8re peuvent accueillir entre 2 et 8 personnes.","breadcrumb":{"@id":"https:\/\/chateaudebayssan.fr\/reglement-interieur\/#breadcrumb"},"inLanguage":"en-GB","potentialAction":[{"@type":"ReadAction","target":["https:\/\/chateaudebayssan.fr\/reglement-interieur\/"]}]},{"@type":"BreadcrumbList","@id":"https:\/\/chateaudebayssan.fr\/reglement-interieur\/#breadcrumb","itemListElement":[{"@type":"ListItem","position":1,"name":"Accueil","item":"https:\/\/chateaudebayssan.fr\/"},{"@type":"ListItem","position":2,"name":"R\u00e9glement int\u00e9rieur"}]},{"@type":"WebSite","@id":"https:\/\/chateaudebayssan.fr\/#website","url":"https:\/\/chateaudebayssan.fr\/","name":"Ch\u00e2teau de Bayssan","description":"Maison d&#039;h\u00f4tes et r\u00e9ception \u00e0 B\u00e9ziers","publisher":{"@id":"https:\/\/chateaudebayssan.fr\/#organization"},"alternateName":"Bayssan","potentialAction":[{"@type":"SearchAction","target":{"@type":"EntryPoint","urlTemplate":"https:\/\/chateaudebayssan.fr\/?s={search_term_string}"},"query-input":{"@type":"PropertyValueSpecification","valueRequired":true,"valueName":"search_term_string"}}],"inLanguage":"en-GB"},{"@type":"Organization","@id":"https:\/\/chateaudebayssan.fr\/#organization","name":"Ch\u00e2teau de Bayssan","alternateName":"Bayssan","url":"https:\/\/chateaudebayssan.fr\/","logo":{"@type":"ImageObject","inLanguage":"en-GB","@id":"https:\/\/chateaudebayssan.fr\/#\/schema\/logo\/image\/","url":"https:\/\/chateaudebayssan.fr\/wp-content\/uploads\/2023\/08\/logo-chateau-de-bayssan.jpg","contentUrl":"https:\/\/chateaudebayssan.fr\/wp-content\/uploads\/2023\/08\/logo-chateau-de-bayssan.jpg","width":2500,"height":2500,"caption":"Ch\u00e2teau de Bayssan"},"image":{"@id":"https:\/\/chateaudebayssan.fr\/#\/schema\/logo\/image\/"},"sameAs":["https:\/\/www.facebook.com\/profile.php?id=100094636358755","https:\/\/www.instagram.com\/chateaudebayssan\/"]}]}},"_links":{"self":[{"href":"https:\/\/chateaudebayssan.fr\/en\/wp-json\/wp\/v2\/pages\/1836","targetHints":{"allow":["GET"]}}],"collection":[{"href":"https:\/\/chateaudebayssan.fr\/en\/wp-json\/wp\/v2\/pages"}],"about":[{"href":"https:\/\/chateaudebayssan.fr\/en\/wp-json\/wp\/v2\/types\/page"}],"author":[{"embeddable":true,"href":"https:\/\/chateaudebayssan.fr\/en\/wp-json\/wp\/v2\/users\/1"}],"replies":[{"embeddable":true,"href":"https:\/\/chateaudebayssan.fr\/en\/wp-json\/wp\/v2\/comments?post=1836"}],"version-history":[{"count":7,"href":"https:\/\/chateaudebayssan.fr\/en\/wp-json\/wp\/v2\/pages\/1836\/revisions"}],"predecessor-version":[{"id":2141,"href":"https:\/\/chateaudebayssan.fr\/en\/wp-json\/wp\/v2\/pages\/1836\/revisions\/2141"}],"wp:attachment":[{"href":"https:\/\/chateaudebayssan.fr\/en\/wp-json\/wp\/v2\/media?parent=1836"}],"curies":[{"name":"wp","href":"https:\/\/api.w.org\/{rel}","templated":true}]}}