{"id":2232,"date":"2024-05-13T14:07:43","date_gmt":"2024-05-13T12:07:43","guid":{"rendered":"https:\/\/chateaudebayssan.fr\/?page_id=2232"},"modified":"2026-03-06T09:04:04","modified_gmt":"2026-03-06T08:04:04","slug":"tarifs-reservations","status":"publish","type":"page","link":"https:\/\/chateaudebayssan.fr\/en\/tarifs-reservations\/","title":{"rendered":"Tarifs &amp; r\u00e9servations"},"content":{"rendered":"<div data-elementor-type=\"wp-page\" data-elementor-id=\"2232\" class=\"elementor elementor-2232\" data-elementor-post-type=\"page\">\n\t\t\t\t\t\t<section class=\"elementor-section elementor-top-section elementor-element elementor-element-5af73e56 elementor-section-full_width elementor-section-height-full elementor-section-height-default elementor-section-items-middle\" data-id=\"5af73e56\" data-element_type=\"section\" data-e-type=\"section\" data-settings=\"{&quot;background_background&quot;:&quot;classic&quot;}\">\n\t\t\t\t\t\t\t<div class=\"elementor-background-overlay\"><\/div>\n\t\t\t\t\t\t\t<div class=\"elementor-container elementor-column-gap-default\">\n\t\t\t\t\t<div class=\"elementor-column elementor-col-100 elementor-top-column elementor-element elementor-element-3180ff17\" data-id=\"3180ff17\" data-element_type=\"column\" data-e-type=\"column\">\n\t\t\t<div class=\"elementor-widget-wrap elementor-element-populated\">\n\t\t\t\t\t\t<div class=\"elementor-element elementor-element-368d9724 elementor-widget elementor-widget-heading\" data-id=\"368d9724\" data-element_type=\"widget\" data-e-type=\"widget\" data-widget_type=\"heading.default\">\n\t\t\t\t<div class=\"elementor-widget-container\">\n\t\t\t\t\t<h2 class=\"elementor-heading-title elementor-size-default\">Tarifs &amp; R\u00e9servations<\/h2>\t\t\t\t<\/div>\n\t\t\t\t<\/div>\n\t\t\t\t\t<\/div>\n\t\t<\/div>\n\t\t\t\t\t<\/div>\n\t\t<\/section>\n\t\t\t\t<section class=\"elementor-section elementor-top-section elementor-element elementor-element-74853e59 elementor-section-boxed elementor-section-height-default elementor-section-height-default\" data-id=\"74853e59\" data-element_type=\"section\" data-e-type=\"section\">\n\t\t\t\t\t\t<div class=\"elementor-container elementor-column-gap-default\">\n\t\t\t\t\t<div class=\"elementor-column elementor-col-100 elementor-top-column elementor-element elementor-element-6ddfb1c6\" data-id=\"6ddfb1c6\" data-element_type=\"column\" data-e-type=\"column\">\n\t\t\t<div class=\"elementor-widget-wrap elementor-element-populated\">\n\t\t\t\t\t\t<div class=\"elementor-element elementor-element-1e8ad472 elementor-view-default elementor-widget elementor-widget-icon\" data-id=\"1e8ad472\" data-element_type=\"widget\" data-e-type=\"widget\" data-widget_type=\"icon.default\">\n\t\t\t\t<div class=\"elementor-widget-container\">\n\t\t\t\t\t\t\t<div class=\"elementor-icon-wrapper\">\n\t\t\t<a class=\"elementor-icon\" href=\"#chateau\">\n\t\t\t<i aria-hidden=\"true\" class=\"fas fa-angle-down\"><\/i>\t\t\t<\/a>\n\t\t<\/div>\n\t\t\t\t\t\t<\/div>\n\t\t\t\t<\/div>\n\t\t\t\t\t<\/div>\n\t\t<\/div>\n\t\t\t\t\t<\/div>\n\t\t<\/section>\n\t\t\t\t<section class=\"elementor-section elementor-top-section elementor-element elementor-element-392bc479 elementor-section-full_width elementor-section-height-default elementor-section-height-default\" data-id=\"392bc479\" data-element_type=\"section\" data-e-type=\"section\">\n\t\t\t\t\t\t<div class=\"elementor-container elementor-column-gap-default\">\n\t\t\t\t\t<div class=\"elementor-column elementor-col-100 elementor-top-column elementor-element elementor-element-3855ac8\" data-id=\"3855ac8\" data-element_type=\"column\" data-e-type=\"column\">\n\t\t\t<div class=\"elementor-widget-wrap elementor-element-populated\">\n\t\t\t\t\t\t<div class=\"elementor-element elementor-element-0cd53cf elementor-widget elementor-widget-image\" data-id=\"0cd53cf\" data-element_type=\"widget\" data-e-type=\"widget\" data-widget_type=\"image.default\">\n\t\t\t\t<div class=\"elementor-widget-container\">\n\t\t\t\t\t\t\t\t\t\t\t\t\t\t\t<img fetchpriority=\"high\" decoding=\"async\" width=\"2554\" height=\"1442\" src=\"https:\/\/chateaudebayssan.fr\/wp-content\/uploads\/2026\/03\/Capture-decran-2026-03-06-a-09.00.09.png\" class=\"attachment-full size-full wp-image-2754\" alt=\"\" srcset=\"https:\/\/chateaudebayssan.fr\/wp-content\/uploads\/2026\/03\/Capture-decran-2026-03-06-a-09.00.09.png 2554w, https:\/\/chateaudebayssan.fr\/wp-content\/uploads\/2026\/03\/Capture-decran-2026-03-06-a-09.00.09-300x169.png 300w, https:\/\/chateaudebayssan.fr\/wp-content\/uploads\/2026\/03\/Capture-decran-2026-03-06-a-09.00.09-1024x578.png 1024w, https:\/\/chateaudebayssan.fr\/wp-content\/uploads\/2026\/03\/Capture-decran-2026-03-06-a-09.00.09-768x434.png 768w, https:\/\/chateaudebayssan.fr\/wp-content\/uploads\/2026\/03\/Capture-decran-2026-03-06-a-09.00.09-1536x867.png 1536w, https:\/\/chateaudebayssan.fr\/wp-content\/uploads\/2026\/03\/Capture-decran-2026-03-06-a-09.00.09-2048x1156.png 2048w, https:\/\/chateaudebayssan.fr\/wp-content\/uploads\/2026\/03\/Capture-decran-2026-03-06-a-09.00.09-18x10.png 18w\" sizes=\"(max-width: 2554px) 100vw, 2554px\" \/>\t\t\t\t\t\t\t\t\t\t\t\t\t\t\t<\/div>\n\t\t\t\t<\/div>\n\t\t\t\t\t<\/div>\n\t\t<\/div>\n\t\t\t\t\t<\/div>\n\t\t<\/section>\n\t\t\t\t<section class=\"elementor-section elementor-top-section elementor-element elementor-element-7af49e0 elementor-section-boxed elementor-section-height-default elementor-section-height-default\" data-id=\"7af49e0\" data-element_type=\"section\" data-e-type=\"section\">\n\t\t\t\t\t\t<div class=\"elementor-container elementor-column-gap-default\">\n\t\t\t\t\t<div class=\"elementor-column elementor-col-100 elementor-top-column elementor-element elementor-element-49e063c\" data-id=\"49e063c\" data-element_type=\"column\" data-e-type=\"column\">\n\t\t\t<div class=\"elementor-widget-wrap elementor-element-populated\">\n\t\t\t\t\t\t<div class=\"elementor-element elementor-element-9c1f9d7 elementor-widget elementor-widget-text-editor\" data-id=\"9c1f9d7\" data-element_type=\"widget\" data-e-type=\"widget\" data-widget_type=\"text-editor.default\">\n\t\t\t\t<div class=\"elementor-widget-container\">\n\t\t\t\t\t\t\t\t\t<p>Les r\u00e9servations se font jusqu\u2019\u00e0 <b>24h avant le s\u00e9jour, <\/b>nous ne prenons aucune r\u00e9servation pour le jour m\u00eame.<\/p><p class=\"p1\">Les draps, serviettes de toilettes et serviette piscine sont compris dans le tarif<\/p><p class=\"p1\">Les r\u00e9servations sont confirm\u00e9es apr\u00e8s r\u00e9ception d\u2019un acompte de <b>50% par virement pour les longs s\u00e9jours et empreintes bancaires pour les courts s\u00e9jours. <\/b><b><\/b><\/p><p class=\"p1\">Les chambres sont disponibles \u00e0 partir de <b>16h00 <\/b>et doivent \u00eatre lib\u00e9r\u00e9es avant <b>11h00 le jour de votre d\u00e9part <\/b><b><\/b><\/p><p class=\"p1\">Le paiement sur place peut \u00eatre effectu\u00e9 par carte de cr\u00e9dit (Visa, Mastercard) ou en esp\u00e8ces si l\u2019appoint est fait<\/p><p class=\"p1\">Le petit d\u00e9jeuner continental est servi <b>entre 8h et 10h <\/b>, au tarif de <b>19\u20ac\/ pers \u00e0 r\u00e9server \u00e0 votre arriv\u00e9e <\/b><b><\/b><\/p><p class=\"p1\"><b>Vous souhaitez r\u00e9server plusieurs appartements, contactez-nous. <\/b><b><\/b><\/p><p class=\"p1\"><b>Pour toutes demandes merci de remplir le formulaire de contact, nous envoyer un mail ou au 06 81 35 94 74 <\/b><b><\/b><\/p><p class=\"p1\">Toutes personnes n\u2019ayant pas \u00e9t\u00e9 d\u00e9clar\u00e9 lors de la r\u00e9servation se verra exclu de l\u2019\u00e9tablissement pour des questions d\u2019assurance et de s\u00e9curit\u00e9<\/p>\t\t\t\t\t\t\t\t<\/div>\n\t\t\t\t<\/div>\n\t\t\t\t\t<\/div>\n\t\t<\/div>\n\t\t\t\t\t<\/div>\n\t\t<\/section>\n\t\t\t\t<\/div>","protected":false},"excerpt":{"rendered":"<p>Tarifs &amp; R\u00e9servations Les r\u00e9servations se font jusqu\u2019\u00e0 24h avant le s\u00e9jour, nous ne prenons aucune r\u00e9servation pour le jour m\u00eame. Les draps, serviettes de toilettes et serviette piscine sont compris dans le tarif Les r\u00e9servations sont confirm\u00e9es apr\u00e8s r\u00e9ception d\u2019un acompte de 50% par virement pour les longs s\u00e9jours et empreintes bancaires pour les [&hellip;]<\/p>\n","protected":false},"author":1,"featured_media":0,"parent":0,"menu_order":0,"comment_status":"closed","ping_status":"closed","template":"","meta":{"footnotes":""},"class_list":["post-2232","page","type-page","status-publish","hentry"],"yoast_head":"<!-- This site is optimized with the Yoast SEO plugin v27.3 - https:\/\/yoast.com\/product\/yoast-seo-wordpress\/ -->\n<title>Ch\u00e2teau de Bayssan | Tarifs &amp; r\u00e9servations<\/title>\n<meta name=\"description\" content=\"Le Ch\u00e2teau de Bayssan vous accueille \u00e0 B\u00e9ziers pour vos vacances ou vos \u00e9v\u00e9nements dans un H\u00f4tel Particulier enti\u00e8rement r\u00e9nov\u00e9 au milieu des vignes. Nos trois appartements confortables et baign\u00e9s de lumi\u00e8re peuvent accueillir entre 2 et 8 personnes.\" \/>\n<meta name=\"robots\" content=\"index, follow, max-snippet:-1, max-image-preview:large, max-video-preview:-1\" \/>\n<link rel=\"canonical\" href=\"https:\/\/chateaudebayssan.fr\/en\/tarifs-reservations\/\" \/>\n<meta property=\"og:locale\" content=\"en_GB\" \/>\n<meta property=\"og:type\" content=\"article\" \/>\n<meta property=\"og:title\" content=\"Ch\u00e2teau de Bayssan | Tarifs &amp; r\u00e9servations\" \/>\n<meta property=\"og:description\" content=\"Le Ch\u00e2teau de Bayssan vous accueille \u00e0 B\u00e9ziers pour vos vacances ou vos \u00e9v\u00e9nements dans un H\u00f4tel Particulier enti\u00e8rement r\u00e9nov\u00e9 au milieu des vignes. Nos trois appartements confortables et baign\u00e9s de lumi\u00e8re peuvent accueillir entre 2 et 8 personnes.\" \/>\n<meta property=\"og:url\" content=\"https:\/\/chateaudebayssan.fr\/en\/tarifs-reservations\/\" \/>\n<meta property=\"og:site_name\" content=\"Ch\u00e2teau de Bayssan\" \/>\n<meta property=\"article:publisher\" content=\"https:\/\/www.facebook.com\/profile.php?id=100094636358755\" \/>\n<meta property=\"article:modified_time\" content=\"2026-03-06T08:04:04+00:00\" \/>\n<meta property=\"og:image\" content=\"https:\/\/chateaudebayssan.fr\/wp-content\/uploads\/2026\/03\/Capture-decran-2026-03-06-a-09.00.09.png\" \/>\n\t<meta property=\"og:image:width\" content=\"2554\" \/>\n\t<meta property=\"og:image:height\" content=\"1442\" \/>\n\t<meta property=\"og:image:type\" content=\"image\/png\" \/>\n<meta name=\"twitter:card\" content=\"summary_large_image\" \/>\n<meta name=\"twitter:label1\" content=\"Estimated reading time\" \/>\n\t<meta name=\"twitter:data1\" content=\"2 minutes\" \/>\n<script type=\"application\/ld+json\" class=\"yoast-schema-graph\">{\"@context\":\"https:\\\/\\\/schema.org\",\"@graph\":[{\"@type\":\"WebPage\",\"@id\":\"https:\\\/\\\/chateaudebayssan.fr\\\/tarifs-reservations\\\/\",\"url\":\"https:\\\/\\\/chateaudebayssan.fr\\\/tarifs-reservations\\\/\",\"name\":\"Ch\u00e2teau de Bayssan | Tarifs &amp; r\u00e9servations\",\"isPartOf\":{\"@id\":\"https:\\\/\\\/chateaudebayssan.fr\\\/#website\"},\"primaryImageOfPage\":{\"@id\":\"https:\\\/\\\/chateaudebayssan.fr\\\/tarifs-reservations\\\/#primaryimage\"},\"image\":{\"@id\":\"https:\\\/\\\/chateaudebayssan.fr\\\/tarifs-reservations\\\/#primaryimage\"},\"thumbnailUrl\":\"https:\\\/\\\/chateaudebayssan.fr\\\/wp-content\\\/uploads\\\/2026\\\/03\\\/Capture-decran-2026-03-06-a-09.00.09.png\",\"datePublished\":\"2024-05-13T12:07:43+00:00\",\"dateModified\":\"2026-03-06T08:04:04+00:00\",\"description\":\"Le Ch\u00e2teau de Bayssan vous accueille \u00e0 B\u00e9ziers pour vos vacances ou vos \u00e9v\u00e9nements dans un H\u00f4tel Particulier enti\u00e8rement r\u00e9nov\u00e9 au milieu des vignes. Nos trois appartements confortables et baign\u00e9s de lumi\u00e8re peuvent accueillir entre 2 et 8 personnes.\",\"breadcrumb\":{\"@id\":\"https:\\\/\\\/chateaudebayssan.fr\\\/tarifs-reservations\\\/#breadcrumb\"},\"inLanguage\":\"en-GB\",\"potentialAction\":[{\"@type\":\"ReadAction\",\"target\":[\"https:\\\/\\\/chateaudebayssan.fr\\\/tarifs-reservations\\\/\"]}]},{\"@type\":\"ImageObject\",\"inLanguage\":\"en-GB\",\"@id\":\"https:\\\/\\\/chateaudebayssan.fr\\\/tarifs-reservations\\\/#primaryimage\",\"url\":\"https:\\\/\\\/chateaudebayssan.fr\\\/wp-content\\\/uploads\\\/2026\\\/03\\\/Capture-decran-2026-03-06-a-09.00.09.png\",\"contentUrl\":\"https:\\\/\\\/chateaudebayssan.fr\\\/wp-content\\\/uploads\\\/2026\\\/03\\\/Capture-decran-2026-03-06-a-09.00.09.png\"},{\"@type\":\"BreadcrumbList\",\"@id\":\"https:\\\/\\\/chateaudebayssan.fr\\\/tarifs-reservations\\\/#breadcrumb\",\"itemListElement\":[{\"@type\":\"ListItem\",\"position\":1,\"name\":\"Accueil\",\"item\":\"https:\\\/\\\/chateaudebayssan.fr\\\/\"},{\"@type\":\"ListItem\",\"position\":2,\"name\":\"Tarifs &amp; r\u00e9servations\"}]},{\"@type\":\"WebSite\",\"@id\":\"https:\\\/\\\/chateaudebayssan.fr\\\/#website\",\"url\":\"https:\\\/\\\/chateaudebayssan.fr\\\/\",\"name\":\"Ch\u00e2teau de Bayssan\",\"description\":\"Maison d&#039;h\u00f4tes et r\u00e9ception \u00e0 B\u00e9ziers\",\"publisher\":{\"@id\":\"https:\\\/\\\/chateaudebayssan.fr\\\/#organization\"},\"alternateName\":\"Bayssan\",\"potentialAction\":[{\"@type\":\"SearchAction\",\"target\":{\"@type\":\"EntryPoint\",\"urlTemplate\":\"https:\\\/\\\/chateaudebayssan.fr\\\/?s={search_term_string}\"},\"query-input\":{\"@type\":\"PropertyValueSpecification\",\"valueRequired\":true,\"valueName\":\"search_term_string\"}}],\"inLanguage\":\"en-GB\"},{\"@type\":\"Organization\",\"@id\":\"https:\\\/\\\/chateaudebayssan.fr\\\/#organization\",\"name\":\"Ch\u00e2teau de Bayssan\",\"alternateName\":\"Bayssan\",\"url\":\"https:\\\/\\\/chateaudebayssan.fr\\\/\",\"logo\":{\"@type\":\"ImageObject\",\"inLanguage\":\"en-GB\",\"@id\":\"https:\\\/\\\/chateaudebayssan.fr\\\/#\\\/schema\\\/logo\\\/image\\\/\",\"url\":\"https:\\\/\\\/chateaudebayssan.fr\\\/wp-content\\\/uploads\\\/2023\\\/08\\\/logo-chateau-de-bayssan.jpg\",\"contentUrl\":\"https:\\\/\\\/chateaudebayssan.fr\\\/wp-content\\\/uploads\\\/2023\\\/08\\\/logo-chateau-de-bayssan.jpg\",\"width\":2500,\"height\":2500,\"caption\":\"Ch\u00e2teau de Bayssan\"},\"image\":{\"@id\":\"https:\\\/\\\/chateaudebayssan.fr\\\/#\\\/schema\\\/logo\\\/image\\\/\"},\"sameAs\":[\"https:\\\/\\\/www.facebook.com\\\/profile.php?id=100094636358755\",\"https:\\\/\\\/www.instagram.com\\\/chateaudebayssan\\\/\"]}]}<\/script>\n<!-- \/ Yoast SEO plugin. -->","yoast_head_json":{"title":"Ch\u00e2teau de Bayssan | Tarifs &amp; r\u00e9servations","description":"Le Ch\u00e2teau de Bayssan vous accueille \u00e0 B\u00e9ziers pour vos vacances ou vos \u00e9v\u00e9nements dans un H\u00f4tel Particulier enti\u00e8rement r\u00e9nov\u00e9 au milieu des vignes. Nos trois appartements confortables et baign\u00e9s de lumi\u00e8re peuvent accueillir entre 2 et 8 personnes.","robots":{"index":"index","follow":"follow","max-snippet":"max-snippet:-1","max-image-preview":"max-image-preview:large","max-video-preview":"max-video-preview:-1"},"canonical":"https:\/\/chateaudebayssan.fr\/en\/tarifs-reservations\/","og_locale":"en_GB","og_type":"article","og_title":"Ch\u00e2teau de Bayssan | Tarifs &amp; r\u00e9servations","og_description":"Le Ch\u00e2teau de Bayssan vous accueille \u00e0 B\u00e9ziers pour vos vacances ou vos \u00e9v\u00e9nements dans un H\u00f4tel Particulier enti\u00e8rement r\u00e9nov\u00e9 au milieu des vignes. Nos trois appartements confortables et baign\u00e9s de lumi\u00e8re peuvent accueillir entre 2 et 8 personnes.","og_url":"https:\/\/chateaudebayssan.fr\/en\/tarifs-reservations\/","og_site_name":"Ch\u00e2teau de Bayssan","article_publisher":"https:\/\/www.facebook.com\/profile.php?id=100094636358755","article_modified_time":"2026-03-06T08:04:04+00:00","og_image":[{"width":2554,"height":1442,"url":"https:\/\/chateaudebayssan.fr\/wp-content\/uploads\/2026\/03\/Capture-decran-2026-03-06-a-09.00.09.png","type":"image\/png"}],"twitter_card":"summary_large_image","twitter_misc":{"Estimated reading time":"2 minutes"},"schema":{"@context":"https:\/\/schema.org","@graph":[{"@type":"WebPage","@id":"https:\/\/chateaudebayssan.fr\/tarifs-reservations\/","url":"https:\/\/chateaudebayssan.fr\/tarifs-reservations\/","name":"Ch\u00e2teau de Bayssan | Tarifs &amp; r\u00e9servations","isPartOf":{"@id":"https:\/\/chateaudebayssan.fr\/#website"},"primaryImageOfPage":{"@id":"https:\/\/chateaudebayssan.fr\/tarifs-reservations\/#primaryimage"},"image":{"@id":"https:\/\/chateaudebayssan.fr\/tarifs-reservations\/#primaryimage"},"thumbnailUrl":"https:\/\/chateaudebayssan.fr\/wp-content\/uploads\/2026\/03\/Capture-decran-2026-03-06-a-09.00.09.png","datePublished":"2024-05-13T12:07:43+00:00","dateModified":"2026-03-06T08:04:04+00:00","description":"Le Ch\u00e2teau de Bayssan vous accueille \u00e0 B\u00e9ziers pour vos vacances ou vos \u00e9v\u00e9nements dans un H\u00f4tel Particulier enti\u00e8rement r\u00e9nov\u00e9 au milieu des vignes. Nos trois appartements confortables et baign\u00e9s de lumi\u00e8re peuvent accueillir entre 2 et 8 personnes.","breadcrumb":{"@id":"https:\/\/chateaudebayssan.fr\/tarifs-reservations\/#breadcrumb"},"inLanguage":"en-GB","potentialAction":[{"@type":"ReadAction","target":["https:\/\/chateaudebayssan.fr\/tarifs-reservations\/"]}]},{"@type":"ImageObject","inLanguage":"en-GB","@id":"https:\/\/chateaudebayssan.fr\/tarifs-reservations\/#primaryimage","url":"https:\/\/chateaudebayssan.fr\/wp-content\/uploads\/2026\/03\/Capture-decran-2026-03-06-a-09.00.09.png","contentUrl":"https:\/\/chateaudebayssan.fr\/wp-content\/uploads\/2026\/03\/Capture-decran-2026-03-06-a-09.00.09.png"},{"@type":"BreadcrumbList","@id":"https:\/\/chateaudebayssan.fr\/tarifs-reservations\/#breadcrumb","itemListElement":[{"@type":"ListItem","position":1,"name":"Accueil","item":"https:\/\/chateaudebayssan.fr\/"},{"@type":"ListItem","position":2,"name":"Tarifs &amp; r\u00e9servations"}]},{"@type":"WebSite","@id":"https:\/\/chateaudebayssan.fr\/#website","url":"https:\/\/chateaudebayssan.fr\/","name":"Ch\u00e2teau de Bayssan","description":"Maison d&#039;h\u00f4tes et r\u00e9ception \u00e0 B\u00e9ziers","publisher":{"@id":"https:\/\/chateaudebayssan.fr\/#organization"},"alternateName":"Bayssan","potentialAction":[{"@type":"SearchAction","target":{"@type":"EntryPoint","urlTemplate":"https:\/\/chateaudebayssan.fr\/?s={search_term_string}"},"query-input":{"@type":"PropertyValueSpecification","valueRequired":true,"valueName":"search_term_string"}}],"inLanguage":"en-GB"},{"@type":"Organization","@id":"https:\/\/chateaudebayssan.fr\/#organization","name":"Ch\u00e2teau de Bayssan","alternateName":"Bayssan","url":"https:\/\/chateaudebayssan.fr\/","logo":{"@type":"ImageObject","inLanguage":"en-GB","@id":"https:\/\/chateaudebayssan.fr\/#\/schema\/logo\/image\/","url":"https:\/\/chateaudebayssan.fr\/wp-content\/uploads\/2023\/08\/logo-chateau-de-bayssan.jpg","contentUrl":"https:\/\/chateaudebayssan.fr\/wp-content\/uploads\/2023\/08\/logo-chateau-de-bayssan.jpg","width":2500,"height":2500,"caption":"Ch\u00e2teau de Bayssan"},"image":{"@id":"https:\/\/chateaudebayssan.fr\/#\/schema\/logo\/image\/"},"sameAs":["https:\/\/www.facebook.com\/profile.php?id=100094636358755","https:\/\/www.instagram.com\/chateaudebayssan\/"]}]}},"_links":{"self":[{"href":"https:\/\/chateaudebayssan.fr\/en\/wp-json\/wp\/v2\/pages\/2232","targetHints":{"allow":["GET"]}}],"collection":[{"href":"https:\/\/chateaudebayssan.fr\/en\/wp-json\/wp\/v2\/pages"}],"about":[{"href":"https:\/\/chateaudebayssan.fr\/en\/wp-json\/wp\/v2\/types\/page"}],"author":[{"embeddable":true,"href":"https:\/\/chateaudebayssan.fr\/en\/wp-json\/wp\/v2\/users\/1"}],"replies":[{"embeddable":true,"href":"https:\/\/chateaudebayssan.fr\/en\/wp-json\/wp\/v2\/comments?post=2232"}],"version-history":[{"count":31,"href":"https:\/\/chateaudebayssan.fr\/en\/wp-json\/wp\/v2\/pages\/2232\/revisions"}],"predecessor-version":[{"id":2760,"href":"https:\/\/chateaudebayssan.fr\/en\/wp-json\/wp\/v2\/pages\/2232\/revisions\/2760"}],"wp:attachment":[{"href":"https:\/\/chateaudebayssan.fr\/en\/wp-json\/wp\/v2\/media?parent=2232"}],"curies":[{"name":"wp","href":"https:\/\/api.w.org\/{rel}","templated":true}]}}