{"id":2248,"date":"2024-05-13T14:21:09","date_gmt":"2024-05-13T12:21:09","guid":{"rendered":"https:\/\/chateaudebayssan.fr\/?page_id=2248"},"modified":"2025-11-04T08:37:08","modified_gmt":"2025-11-04T07:37:08","slug":"infos-pratiques","status":"publish","type":"page","link":"https:\/\/chateaudebayssan.fr\/en\/infos-pratiques\/","title":{"rendered":"Infos pratiques"},"content":{"rendered":"<div data-elementor-type=\"wp-page\" data-elementor-id=\"2248\" class=\"elementor elementor-2248\" data-elementor-post-type=\"page\">\n\t\t\t\t\t\t<section class=\"elementor-section elementor-top-section elementor-element elementor-element-7ce879f1 elementor-section-full_width elementor-section-height-full elementor-section-height-default elementor-section-items-middle\" data-id=\"7ce879f1\" data-element_type=\"section\" data-e-type=\"section\" data-settings=\"{&quot;background_background&quot;:&quot;classic&quot;}\">\n\t\t\t\t\t\t\t<div class=\"elementor-background-overlay\"><\/div>\n\t\t\t\t\t\t\t<div class=\"elementor-container elementor-column-gap-default\">\n\t\t\t\t\t<div class=\"elementor-column elementor-col-100 elementor-top-column elementor-element elementor-element-55dbd7f\" data-id=\"55dbd7f\" data-element_type=\"column\" data-e-type=\"column\">\n\t\t\t<div class=\"elementor-widget-wrap elementor-element-populated\">\n\t\t\t\t\t\t<div class=\"elementor-element elementor-element-6acdbe9b elementor-widget elementor-widget-heading\" data-id=\"6acdbe9b\" data-element_type=\"widget\" data-e-type=\"widget\" data-widget_type=\"heading.default\">\n\t\t\t\t<div class=\"elementor-widget-container\">\n\t\t\t\t\t<h2 class=\"elementor-heading-title elementor-size-default\">Infos pratiques<\/h2>\t\t\t\t<\/div>\n\t\t\t\t<\/div>\n\t\t\t\t\t<\/div>\n\t\t<\/div>\n\t\t\t\t\t<\/div>\n\t\t<\/section>\n\t\t\t\t<section class=\"elementor-section elementor-top-section elementor-element elementor-element-f7e4795 elementor-section-boxed elementor-section-height-default elementor-section-height-default\" data-id=\"f7e4795\" data-element_type=\"section\" data-e-type=\"section\">\n\t\t\t\t\t\t<div class=\"elementor-container elementor-column-gap-default\">\n\t\t\t\t\t<div class=\"elementor-column elementor-col-100 elementor-top-column elementor-element elementor-element-982893f\" data-id=\"982893f\" data-element_type=\"column\" data-e-type=\"column\">\n\t\t\t<div class=\"elementor-widget-wrap elementor-element-populated\">\n\t\t\t\t\t\t<div class=\"elementor-element elementor-element-343bb8d2 elementor-view-default elementor-widget elementor-widget-icon\" data-id=\"343bb8d2\" data-element_type=\"widget\" data-e-type=\"widget\" data-widget_type=\"icon.default\">\n\t\t\t\t<div class=\"elementor-widget-container\">\n\t\t\t\t\t\t\t<div class=\"elementor-icon-wrapper\">\n\t\t\t<a class=\"elementor-icon\" href=\"#chateau\">\n\t\t\t<i aria-hidden=\"true\" class=\"fas fa-angle-down\"><\/i>\t\t\t<\/a>\n\t\t<\/div>\n\t\t\t\t\t\t<\/div>\n\t\t\t\t<\/div>\n\t\t\t\t\t<\/div>\n\t\t<\/div>\n\t\t\t\t\t<\/div>\n\t\t<\/section>\n\t\t\t\t<section class=\"elementor-section elementor-top-section elementor-element elementor-element-4f257074 elementor-section-full_width elementor-section-height-default elementor-section-height-default\" data-id=\"4f257074\" data-element_type=\"section\" data-e-type=\"section\">\n\t\t\t\t\t\t<div class=\"elementor-container elementor-column-gap-default\">\n\t\t\t\t\t<div class=\"elementor-column elementor-col-100 elementor-top-column elementor-element elementor-element-2472c5f0\" data-id=\"2472c5f0\" data-element_type=\"column\" data-e-type=\"column\" data-settings=\"{&quot;background_background&quot;:&quot;classic&quot;}\">\n\t\t\t<div class=\"elementor-widget-wrap elementor-element-populated\">\n\t\t\t\t\t\t<section class=\"elementor-section elementor-inner-section elementor-element elementor-element-57e1ea2c elementor-section-content-top elementor-section-boxed elementor-section-height-default elementor-section-height-default\" data-id=\"57e1ea2c\" data-element_type=\"section\" data-e-type=\"section\">\n\t\t\t\t\t\t<div class=\"elementor-container elementor-column-gap-wider\">\n\t\t\t\t\t<div class=\"elementor-column elementor-col-50 elementor-inner-column elementor-element elementor-element-73882974\" data-id=\"73882974\" data-element_type=\"column\" data-e-type=\"column\">\n\t\t\t<div class=\"elementor-widget-wrap elementor-element-populated\">\n\t\t\t\t\t\t<div class=\"elementor-element elementor-element-588b7b6c elementor-view-default elementor-position-block-start elementor-mobile-position-block-start elementor-widget elementor-widget-icon-box\" data-id=\"588b7b6c\" data-element_type=\"widget\" data-e-type=\"widget\" data-widget_type=\"icon-box.default\">\n\t\t\t\t<div class=\"elementor-widget-container\">\n\t\t\t\t\t\t\t<div class=\"elementor-icon-box-wrapper\">\n\n\t\t\t\t\t\t<div class=\"elementor-icon-box-icon\">\n\t\t\t\t<span  class=\"elementor-icon\">\n\t\t\t\t<i aria-hidden=\"true\" class=\"fas fa-coffee\"><\/i>\t\t\t\t<\/span>\n\t\t\t<\/div>\n\t\t\t\n\t\t\t\t\t\t<div class=\"elementor-icon-box-content\">\n\n\t\t\t\t\t\t\t\t\t<h3 class=\"elementor-icon-box-title\">\n\t\t\t\t\t\t<span  >\n\t\t\t\t\t\t\tContinental breakfast\t\t\t\t\t\t<\/span>\n\t\t\t\t\t<\/h3>\n\t\t\t\t\n\t\t\t\t\t\t\t\t\t<p class=\"elementor-icon-box-description\">\n\t\t\t\t\t\tJus d'orange, boissons chaudes, viennoiserie, pain, confiture, beurre, miel, yaourt et fruits, tout suppl\u00e9ment sera factur\u00e9<br>Servi entre 8h et 10h<br><br>\n19\u20ac\/personne \u00e0 commander 24h avant<br>(\u00e0 r\u00e9server la veille au soir)\t\t\t\t\t<\/p>\n\t\t\t\t\n\t\t\t<\/div>\n\t\t\t\n\t\t<\/div>\n\t\t\t\t\t\t<\/div>\n\t\t\t\t<\/div>\n\t\t\t\t\t<\/div>\n\t\t<\/div>\n\t\t\t\t<div class=\"elementor-column elementor-col-50 elementor-inner-column elementor-element elementor-element-c787f94\" data-id=\"c787f94\" data-element_type=\"column\" data-e-type=\"column\">\n\t\t\t<div class=\"elementor-widget-wrap elementor-element-populated\">\n\t\t\t\t\t\t<div class=\"elementor-element elementor-element-0dbb561 elementor-view-default elementor-position-block-start elementor-mobile-position-block-start elementor-widget elementor-widget-icon-box\" data-id=\"0dbb561\" data-element_type=\"widget\" data-e-type=\"widget\" data-widget_type=\"icon-box.default\">\n\t\t\t\t<div class=\"elementor-widget-container\">\n\t\t\t\t\t\t\t<div class=\"elementor-icon-box-wrapper\">\n\n\t\t\t\t\t\t<div class=\"elementor-icon-box-icon\">\n\t\t\t\t<span  class=\"elementor-icon\">\n\t\t\t\t<i aria-hidden=\"true\" class=\"fas fa-shopping-cart\"><\/i>\t\t\t\t<\/span>\n\t\t\t<\/div>\n\t\t\t\n\t\t\t\t\t\t<div class=\"elementor-icon-box-content\">\n\n\t\t\t\t\t\t\t\t\t<h3 class=\"elementor-icon-box-title\">\n\t\t\t\t\t\t<span  >\n\t\t\t\t\t\t\tCommodit\u00e9s\t\t\t\t\t\t<\/span>\n\t\t\t\t\t<\/h3>\n\t\t\t\t\n\t\t\t\t\t\t\t\t\t<p class=\"elementor-icon-box-description\">\n\t\t\t\t\t\tSupermarch\u00e9, epicerie, restaurant, boulangerie \u00e0 5 min, vous trouverez les adresses dans le livret d'acceuil\t\t\t\t\t<\/p>\n\t\t\t\t\n\t\t\t<\/div>\n\t\t\t\n\t\t<\/div>\n\t\t\t\t\t\t<\/div>\n\t\t\t\t<\/div>\n\t\t\t\t\t<\/div>\n\t\t<\/div>\n\t\t\t\t\t<\/div>\n\t\t<\/section>\n\t\t\t\t<section class=\"elementor-section elementor-inner-section elementor-element elementor-element-fcb3414 elementor-section-content-top elementor-section-boxed elementor-section-height-default elementor-section-height-default\" data-id=\"fcb3414\" data-element_type=\"section\" data-e-type=\"section\">\n\t\t\t\t\t\t<div class=\"elementor-container elementor-column-gap-default\">\n\t\t\t\t\t<div class=\"elementor-column elementor-col-33 elementor-inner-column elementor-element elementor-element-2446218\" data-id=\"2446218\" data-element_type=\"column\" data-e-type=\"column\">\n\t\t\t<div class=\"elementor-widget-wrap elementor-element-populated\">\n\t\t\t\t\t\t<div class=\"elementor-element elementor-element-5f2dabb elementor-view-default elementor-position-block-start elementor-mobile-position-block-start elementor-widget elementor-widget-icon-box\" data-id=\"5f2dabb\" data-element_type=\"widget\" data-e-type=\"widget\" data-widget_type=\"icon-box.default\">\n\t\t\t\t<div class=\"elementor-widget-container\">\n\t\t\t\t\t\t\t<div class=\"elementor-icon-box-wrapper\">\n\n\t\t\t\t\t\t<div class=\"elementor-icon-box-icon\">\n\t\t\t\t<span  class=\"elementor-icon\">\n\t\t\t\t<i aria-hidden=\"true\" class=\"far fa-clock\"><\/i>\t\t\t\t<\/span>\n\t\t\t<\/div>\n\t\t\t\n\t\t\t\t\t\t<div class=\"elementor-icon-box-content\">\n\n\t\t\t\t\t\t\t\t\t<h3 class=\"elementor-icon-box-title\">\n\t\t\t\t\t\t<span  >\n\t\t\t\t\t\t\tHORAIRE\t\t\t\t\t\t<\/span>\n\t\t\t\t\t<\/h3>\n\t\t\t\t\n\t\t\t\t\t\t\t\t\t<p class=\"elementor-icon-box-description\">\n\t\t\t\t\t\tArriv\u00e9e \u00e0 partir de 16h <br>D\u00e9part avant 11h\t\t\t\t\t<\/p>\n\t\t\t\t\n\t\t\t<\/div>\n\t\t\t\n\t\t<\/div>\n\t\t\t\t\t\t<\/div>\n\t\t\t\t<\/div>\n\t\t\t\t\t<\/div>\n\t\t<\/div>\n\t\t\t\t<div class=\"elementor-column elementor-col-33 elementor-inner-column elementor-element elementor-element-dec33fc\" data-id=\"dec33fc\" data-element_type=\"column\" data-e-type=\"column\">\n\t\t\t<div class=\"elementor-widget-wrap elementor-element-populated\">\n\t\t\t\t\t\t<div class=\"elementor-element elementor-element-ddf11e3 elementor-view-default elementor-position-block-start elementor-mobile-position-block-start elementor-widget elementor-widget-icon-box\" data-id=\"ddf11e3\" data-element_type=\"widget\" data-e-type=\"widget\" data-widget_type=\"icon-box.default\">\n\t\t\t\t<div class=\"elementor-widget-container\">\n\t\t\t\t\t\t\t<div class=\"elementor-icon-box-wrapper\">\n\n\t\t\t\t\t\t<div class=\"elementor-icon-box-icon\">\n\t\t\t\t<span  class=\"elementor-icon\">\n\t\t\t\t<i aria-hidden=\"true\" class=\"fas fa-dog\"><\/i>\t\t\t\t<\/span>\n\t\t\t<\/div>\n\t\t\t\n\t\t\t\t\t\t<div class=\"elementor-icon-box-content\">\n\n\t\t\t\t\t\t\t\t\t<h3 class=\"elementor-icon-box-title\">\n\t\t\t\t\t\t<span  >\n\t\t\t\t\t\t\tPets not accepted\t\t\t\t\t\t<\/span>\n\t\t\t\t\t<\/h3>\n\t\t\t\t\n\t\t\t\t\n\t\t\t<\/div>\n\t\t\t\n\t\t<\/div>\n\t\t\t\t\t\t<\/div>\n\t\t\t\t<\/div>\n\t\t\t\t\t<\/div>\n\t\t<\/div>\n\t\t\t\t<div class=\"elementor-column elementor-col-33 elementor-inner-column elementor-element elementor-element-a44d42e\" data-id=\"a44d42e\" data-element_type=\"column\" data-e-type=\"column\">\n\t\t\t<div class=\"elementor-widget-wrap elementor-element-populated\">\n\t\t\t\t\t\t<div class=\"elementor-element elementor-element-2112f51 elementor-view-default elementor-position-block-start elementor-mobile-position-block-start elementor-widget elementor-widget-icon-box\" data-id=\"2112f51\" data-element_type=\"widget\" data-e-type=\"widget\" data-widget_type=\"icon-box.default\">\n\t\t\t\t<div class=\"elementor-widget-container\">\n\t\t\t\t\t\t\t<div class=\"elementor-icon-box-wrapper\">\n\n\t\t\t\t\t\t<div class=\"elementor-icon-box-icon\">\n\t\t\t\t<span  class=\"elementor-icon\">\n\t\t\t\t<i aria-hidden=\"true\" class=\"fas fa-smoking-ban\"><\/i>\t\t\t\t<\/span>\n\t\t\t<\/div>\n\t\t\t\n\t\t\t\t\t\t<div class=\"elementor-icon-box-content\">\n\n\t\t\t\t\t\t\t\t\t<h3 class=\"elementor-icon-box-title\">\n\t\t\t\t\t\t<span  >\n\t\t\t\t\t\t\tS\u00c9CURIT\u00c9\t\t\t\t\t\t<\/span>\n\t\t\t\t\t<\/h3>\n\t\t\t\t\n\t\t\t\t\t\t\t\t\t<p class=\"elementor-icon-box-description\">\n\t\t\t\t\t\tPour des raisons de s\u00e9curit\u00e9 le site est non-fumeur (int\u00e9rieur, ext\u00e9rieur, piscine) sauf espace r\u00e9serv\u00e9\t\t\t\t\t<\/p>\n\t\t\t\t\n\t\t\t<\/div>\n\t\t\t\n\t\t<\/div>\n\t\t\t\t\t\t<\/div>\n\t\t\t\t<\/div>\n\t\t\t\t\t<\/div>\n\t\t<\/div>\n\t\t\t\t\t<\/div>\n\t\t<\/section>\n\t\t\t\t\t<\/div>\n\t\t<\/div>\n\t\t\t\t\t<\/div>\n\t\t<\/section>\n\t\t\t\t<\/div>","protected":false},"excerpt":{"rendered":"<p>Infos pratiques Petit d\u00e9jeuner continental Jus d&rsquo;orange, boissons chaudes, viennoiserie, pain, confiture, beurre, miel, yaourt et fruits, tout suppl\u00e9ment sera factur\u00e9Servi entre 8h et 10h 19\u20ac\/personne \u00e0 commander 24h avant(\u00e0 r\u00e9server la veille au soir) Commodit\u00e9s Supermarch\u00e9, epicerie, restaurant, boulangerie \u00e0 5 min, vous trouverez les adresses dans le livret d&rsquo;acceuil HORAIRE Arriv\u00e9e \u00e0 partir [&hellip;]<\/p>\n","protected":false},"author":1,"featured_media":0,"parent":0,"menu_order":0,"comment_status":"closed","ping_status":"closed","template":"","meta":{"footnotes":""},"class_list":["post-2248","page","type-page","status-publish","hentry"],"yoast_head":"<!-- This site is optimized with the Yoast SEO plugin v27.3 - https:\/\/yoast.com\/product\/yoast-seo-wordpress\/ -->\n<title>Ch\u00e2teau de Bayssan | Infos pratiques<\/title>\n<meta name=\"description\" content=\"Le Ch\u00e2teau de Bayssan vous accueille \u00e0 B\u00e9ziers pour vos vacances ou vos \u00e9v\u00e9nements dans un H\u00f4tel Particulier enti\u00e8rement r\u00e9nov\u00e9 au milieu des vignes. Nos trois appartements confortables et baign\u00e9s de lumi\u00e8re peuvent accueillir entre 2 et 8 personnes.\" \/>\n<meta name=\"robots\" content=\"index, follow, max-snippet:-1, max-image-preview:large, max-video-preview:-1\" \/>\n<link rel=\"canonical\" href=\"https:\/\/chateaudebayssan.fr\/en\/infos-pratiques\/\" \/>\n<meta property=\"og:locale\" content=\"en_GB\" \/>\n<meta property=\"og:type\" content=\"article\" \/>\n<meta property=\"og:title\" content=\"Ch\u00e2teau de Bayssan | Infos pratiques\" \/>\n<meta property=\"og:description\" content=\"Le Ch\u00e2teau de Bayssan vous accueille \u00e0 B\u00e9ziers pour vos vacances ou vos \u00e9v\u00e9nements dans un H\u00f4tel Particulier enti\u00e8rement r\u00e9nov\u00e9 au milieu des vignes. Nos trois appartements confortables et baign\u00e9s de lumi\u00e8re peuvent accueillir entre 2 et 8 personnes.\" \/>\n<meta property=\"og:url\" content=\"https:\/\/chateaudebayssan.fr\/en\/infos-pratiques\/\" \/>\n<meta property=\"og:site_name\" content=\"Ch\u00e2teau de Bayssan\" \/>\n<meta property=\"article:publisher\" content=\"https:\/\/www.facebook.com\/profile.php?id=100094636358755\" \/>\n<meta property=\"article:modified_time\" content=\"2025-11-04T07:37:08+00:00\" \/>\n<meta property=\"og:image\" content=\"https:\/\/chateaudebayssan.fr\/wp-content\/uploads\/2023\/08\/couverture-facebook.jpg\" \/>\n\t<meta property=\"og:image:width\" content=\"1200\" \/>\n\t<meta property=\"og:image:height\" content=\"675\" \/>\n\t<meta property=\"og:image:type\" content=\"image\/jpeg\" \/>\n<meta name=\"twitter:card\" content=\"summary_large_image\" \/>\n<meta name=\"twitter:label1\" content=\"Estimated reading time\" \/>\n\t<meta name=\"twitter:data1\" content=\"1 minute\" \/>\n<script type=\"application\/ld+json\" class=\"yoast-schema-graph\">{\"@context\":\"https:\\\/\\\/schema.org\",\"@graph\":[{\"@type\":\"WebPage\",\"@id\":\"https:\\\/\\\/chateaudebayssan.fr\\\/infos-pratiques\\\/\",\"url\":\"https:\\\/\\\/chateaudebayssan.fr\\\/infos-pratiques\\\/\",\"name\":\"Ch\u00e2teau de Bayssan | Infos pratiques\",\"isPartOf\":{\"@id\":\"https:\\\/\\\/chateaudebayssan.fr\\\/#website\"},\"datePublished\":\"2024-05-13T12:21:09+00:00\",\"dateModified\":\"2025-11-04T07:37:08+00:00\",\"description\":\"Le Ch\u00e2teau de Bayssan vous accueille \u00e0 B\u00e9ziers pour vos vacances ou vos \u00e9v\u00e9nements dans un H\u00f4tel Particulier enti\u00e8rement r\u00e9nov\u00e9 au milieu des vignes. Nos trois appartements confortables et baign\u00e9s de lumi\u00e8re peuvent accueillir entre 2 et 8 personnes.\",\"breadcrumb\":{\"@id\":\"https:\\\/\\\/chateaudebayssan.fr\\\/infos-pratiques\\\/#breadcrumb\"},\"inLanguage\":\"en-GB\",\"potentialAction\":[{\"@type\":\"ReadAction\",\"target\":[\"https:\\\/\\\/chateaudebayssan.fr\\\/infos-pratiques\\\/\"]}]},{\"@type\":\"BreadcrumbList\",\"@id\":\"https:\\\/\\\/chateaudebayssan.fr\\\/infos-pratiques\\\/#breadcrumb\",\"itemListElement\":[{\"@type\":\"ListItem\",\"position\":1,\"name\":\"Accueil\",\"item\":\"https:\\\/\\\/chateaudebayssan.fr\\\/\"},{\"@type\":\"ListItem\",\"position\":2,\"name\":\"Infos pratiques\"}]},{\"@type\":\"WebSite\",\"@id\":\"https:\\\/\\\/chateaudebayssan.fr\\\/#website\",\"url\":\"https:\\\/\\\/chateaudebayssan.fr\\\/\",\"name\":\"Ch\u00e2teau de Bayssan\",\"description\":\"Maison d&#039;h\u00f4tes et r\u00e9ception \u00e0 B\u00e9ziers\",\"publisher\":{\"@id\":\"https:\\\/\\\/chateaudebayssan.fr\\\/#organization\"},\"alternateName\":\"Bayssan\",\"potentialAction\":[{\"@type\":\"SearchAction\",\"target\":{\"@type\":\"EntryPoint\",\"urlTemplate\":\"https:\\\/\\\/chateaudebayssan.fr\\\/?s={search_term_string}\"},\"query-input\":{\"@type\":\"PropertyValueSpecification\",\"valueRequired\":true,\"valueName\":\"search_term_string\"}}],\"inLanguage\":\"en-GB\"},{\"@type\":\"Organization\",\"@id\":\"https:\\\/\\\/chateaudebayssan.fr\\\/#organization\",\"name\":\"Ch\u00e2teau de Bayssan\",\"alternateName\":\"Bayssan\",\"url\":\"https:\\\/\\\/chateaudebayssan.fr\\\/\",\"logo\":{\"@type\":\"ImageObject\",\"inLanguage\":\"en-GB\",\"@id\":\"https:\\\/\\\/chateaudebayssan.fr\\\/#\\\/schema\\\/logo\\\/image\\\/\",\"url\":\"https:\\\/\\\/chateaudebayssan.fr\\\/wp-content\\\/uploads\\\/2023\\\/08\\\/logo-chateau-de-bayssan.jpg\",\"contentUrl\":\"https:\\\/\\\/chateaudebayssan.fr\\\/wp-content\\\/uploads\\\/2023\\\/08\\\/logo-chateau-de-bayssan.jpg\",\"width\":2500,\"height\":2500,\"caption\":\"Ch\u00e2teau de Bayssan\"},\"image\":{\"@id\":\"https:\\\/\\\/chateaudebayssan.fr\\\/#\\\/schema\\\/logo\\\/image\\\/\"},\"sameAs\":[\"https:\\\/\\\/www.facebook.com\\\/profile.php?id=100094636358755\",\"https:\\\/\\\/www.instagram.com\\\/chateaudebayssan\\\/\"]}]}<\/script>\n<!-- \/ Yoast SEO plugin. -->","yoast_head_json":{"title":"Ch\u00e2teau de Bayssan | Infos pratiques","description":"Le Ch\u00e2teau de Bayssan vous accueille \u00e0 B\u00e9ziers pour vos vacances ou vos \u00e9v\u00e9nements dans un H\u00f4tel Particulier enti\u00e8rement r\u00e9nov\u00e9 au milieu des vignes. Nos trois appartements confortables et baign\u00e9s de lumi\u00e8re peuvent accueillir entre 2 et 8 personnes.","robots":{"index":"index","follow":"follow","max-snippet":"max-snippet:-1","max-image-preview":"max-image-preview:large","max-video-preview":"max-video-preview:-1"},"canonical":"https:\/\/chateaudebayssan.fr\/en\/infos-pratiques\/","og_locale":"en_GB","og_type":"article","og_title":"Ch\u00e2teau de Bayssan | Infos pratiques","og_description":"Le Ch\u00e2teau de Bayssan vous accueille \u00e0 B\u00e9ziers pour vos vacances ou vos \u00e9v\u00e9nements dans un H\u00f4tel Particulier enti\u00e8rement r\u00e9nov\u00e9 au milieu des vignes. Nos trois appartements confortables et baign\u00e9s de lumi\u00e8re peuvent accueillir entre 2 et 8 personnes.","og_url":"https:\/\/chateaudebayssan.fr\/en\/infos-pratiques\/","og_site_name":"Ch\u00e2teau de Bayssan","article_publisher":"https:\/\/www.facebook.com\/profile.php?id=100094636358755","article_modified_time":"2025-11-04T07:37:08+00:00","og_image":[{"width":1200,"height":675,"url":"https:\/\/chateaudebayssan.fr\/wp-content\/uploads\/2023\/08\/couverture-facebook.jpg","type":"image\/jpeg"}],"twitter_card":"summary_large_image","twitter_misc":{"Estimated reading time":"1 minute"},"schema":{"@context":"https:\/\/schema.org","@graph":[{"@type":"WebPage","@id":"https:\/\/chateaudebayssan.fr\/infos-pratiques\/","url":"https:\/\/chateaudebayssan.fr\/infos-pratiques\/","name":"Ch\u00e2teau de Bayssan | Infos pratiques","isPartOf":{"@id":"https:\/\/chateaudebayssan.fr\/#website"},"datePublished":"2024-05-13T12:21:09+00:00","dateModified":"2025-11-04T07:37:08+00:00","description":"Le Ch\u00e2teau de Bayssan vous accueille \u00e0 B\u00e9ziers pour vos vacances ou vos \u00e9v\u00e9nements dans un H\u00f4tel Particulier enti\u00e8rement r\u00e9nov\u00e9 au milieu des vignes. Nos trois appartements confortables et baign\u00e9s de lumi\u00e8re peuvent accueillir entre 2 et 8 personnes.","breadcrumb":{"@id":"https:\/\/chateaudebayssan.fr\/infos-pratiques\/#breadcrumb"},"inLanguage":"en-GB","potentialAction":[{"@type":"ReadAction","target":["https:\/\/chateaudebayssan.fr\/infos-pratiques\/"]}]},{"@type":"BreadcrumbList","@id":"https:\/\/chateaudebayssan.fr\/infos-pratiques\/#breadcrumb","itemListElement":[{"@type":"ListItem","position":1,"name":"Accueil","item":"https:\/\/chateaudebayssan.fr\/"},{"@type":"ListItem","position":2,"name":"Infos pratiques"}]},{"@type":"WebSite","@id":"https:\/\/chateaudebayssan.fr\/#website","url":"https:\/\/chateaudebayssan.fr\/","name":"Ch\u00e2teau de Bayssan","description":"Maison d&#039;h\u00f4tes et r\u00e9ception \u00e0 B\u00e9ziers","publisher":{"@id":"https:\/\/chateaudebayssan.fr\/#organization"},"alternateName":"Bayssan","potentialAction":[{"@type":"SearchAction","target":{"@type":"EntryPoint","urlTemplate":"https:\/\/chateaudebayssan.fr\/?s={search_term_string}"},"query-input":{"@type":"PropertyValueSpecification","valueRequired":true,"valueName":"search_term_string"}}],"inLanguage":"en-GB"},{"@type":"Organization","@id":"https:\/\/chateaudebayssan.fr\/#organization","name":"Ch\u00e2teau de Bayssan","alternateName":"Bayssan","url":"https:\/\/chateaudebayssan.fr\/","logo":{"@type":"ImageObject","inLanguage":"en-GB","@id":"https:\/\/chateaudebayssan.fr\/#\/schema\/logo\/image\/","url":"https:\/\/chateaudebayssan.fr\/wp-content\/uploads\/2023\/08\/logo-chateau-de-bayssan.jpg","contentUrl":"https:\/\/chateaudebayssan.fr\/wp-content\/uploads\/2023\/08\/logo-chateau-de-bayssan.jpg","width":2500,"height":2500,"caption":"Ch\u00e2teau de Bayssan"},"image":{"@id":"https:\/\/chateaudebayssan.fr\/#\/schema\/logo\/image\/"},"sameAs":["https:\/\/www.facebook.com\/profile.php?id=100094636358755","https:\/\/www.instagram.com\/chateaudebayssan\/"]}]}},"_links":{"self":[{"href":"https:\/\/chateaudebayssan.fr\/en\/wp-json\/wp\/v2\/pages\/2248","targetHints":{"allow":["GET"]}}],"collection":[{"href":"https:\/\/chateaudebayssan.fr\/en\/wp-json\/wp\/v2\/pages"}],"about":[{"href":"https:\/\/chateaudebayssan.fr\/en\/wp-json\/wp\/v2\/types\/page"}],"author":[{"embeddable":true,"href":"https:\/\/chateaudebayssan.fr\/en\/wp-json\/wp\/v2\/users\/1"}],"replies":[{"embeddable":true,"href":"https:\/\/chateaudebayssan.fr\/en\/wp-json\/wp\/v2\/comments?post=2248"}],"version-history":[{"count":59,"href":"https:\/\/chateaudebayssan.fr\/en\/wp-json\/wp\/v2\/pages\/2248\/revisions"}],"predecessor-version":[{"id":2736,"href":"https:\/\/chateaudebayssan.fr\/en\/wp-json\/wp\/v2\/pages\/2248\/revisions\/2736"}],"wp:attachment":[{"href":"https:\/\/chateaudebayssan.fr\/en\/wp-json\/wp\/v2\/media?parent=2248"}],"curies":[{"name":"wp","href":"https:\/\/api.w.org\/{rel}","templated":true}]}}