{"id":2253,"date":"2024-05-13T14:22:13","date_gmt":"2024-05-13T12:22:13","guid":{"rendered":"https:\/\/chateaudebayssan.fr\/?page_id=2253"},"modified":"2024-05-15T10:34:13","modified_gmt":"2024-05-15T08:34:13","slug":"espace-detente","status":"publish","type":"page","link":"https:\/\/chateaudebayssan.fr\/en\/espace-detente\/","title":{"rendered":"Espace d\u00e9tente"},"content":{"rendered":"\t\t<div data-elementor-type=\"wp-page\" data-elementor-id=\"2253\" class=\"elementor elementor-2253\" data-elementor-post-type=\"page\">\n\t\t\t\t\t\t<section class=\"elementor-section elementor-top-section elementor-element elementor-element-1978d230 elementor-section-full_width elementor-section-height-full elementor-section-height-default elementor-section-items-middle\" data-id=\"1978d230\" data-element_type=\"section\" data-e-type=\"section\" data-settings=\"{&quot;background_background&quot;:&quot;classic&quot;}\">\n\t\t\t\t\t\t\t<div class=\"elementor-background-overlay\"><\/div>\n\t\t\t\t\t\t\t<div class=\"elementor-container elementor-column-gap-default\">\n\t\t\t\t\t<div class=\"elementor-column elementor-col-100 elementor-top-column elementor-element elementor-element-2fc53435\" data-id=\"2fc53435\" data-element_type=\"column\" data-e-type=\"column\">\n\t\t\t<div class=\"elementor-widget-wrap elementor-element-populated\">\n\t\t\t\t\t\t<div class=\"elementor-element elementor-element-1c240fa6 elementor-widget elementor-widget-heading\" data-id=\"1c240fa6\" data-element_type=\"widget\" data-e-type=\"widget\" data-widget_type=\"heading.default\">\n\t\t\t\t<div class=\"elementor-widget-container\">\n\t\t\t\t\t<h2 class=\"elementor-heading-title elementor-size-default\">Espace d\u00e9tente<\/h2>\t\t\t\t<\/div>\n\t\t\t\t<\/div>\n\t\t\t\t\t<\/div>\n\t\t<\/div>\n\t\t\t\t\t<\/div>\n\t\t<\/section>\n\t\t\t\t<section class=\"elementor-section elementor-top-section elementor-element elementor-element-1f4e0d79 elementor-section-boxed elementor-section-height-default elementor-section-height-default\" data-id=\"1f4e0d79\" data-element_type=\"section\" data-e-type=\"section\">\n\t\t\t\t\t\t<div class=\"elementor-container elementor-column-gap-default\">\n\t\t\t\t\t<div class=\"elementor-column elementor-col-100 elementor-top-column elementor-element elementor-element-7560891c\" data-id=\"7560891c\" data-element_type=\"column\" data-e-type=\"column\">\n\t\t\t<div class=\"elementor-widget-wrap elementor-element-populated\">\n\t\t\t\t\t\t<div class=\"elementor-element elementor-element-e8d49fe elementor-view-default elementor-widget elementor-widget-icon\" data-id=\"e8d49fe\" data-element_type=\"widget\" data-e-type=\"widget\" data-widget_type=\"icon.default\">\n\t\t\t\t<div class=\"elementor-widget-container\">\n\t\t\t\t\t\t\t<div class=\"elementor-icon-wrapper\">\n\t\t\t<a class=\"elementor-icon\" href=\"#chateau\">\n\t\t\t<i aria-hidden=\"true\" class=\"fas fa-angle-down\"><\/i>\t\t\t<\/a>\n\t\t<\/div>\n\t\t\t\t\t\t<\/div>\n\t\t\t\t<\/div>\n\t\t\t\t\t<\/div>\n\t\t<\/div>\n\t\t\t\t\t<\/div>\n\t\t<\/section>\n\t\t\t\t<section class=\"elementor-section elementor-top-section elementor-element elementor-element-30220b3 elementor-section-boxed elementor-section-height-default elementor-section-height-default\" data-id=\"30220b3\" data-element_type=\"section\" data-e-type=\"section\">\n\t\t\t\t\t\t<div class=\"elementor-container elementor-column-gap-default\">\n\t\t\t\t\t<div class=\"elementor-column elementor-col-100 elementor-top-column elementor-element elementor-element-8cbae7c\" data-id=\"8cbae7c\" data-element_type=\"column\" data-e-type=\"column\">\n\t\t\t<div class=\"elementor-widget-wrap elementor-element-populated\">\n\t\t\t\t\t\t<div class=\"elementor-element elementor-element-21ba8a29 elementor-widget elementor-widget-heading\" data-id=\"21ba8a29\" data-element_type=\"widget\" data-e-type=\"widget\" data-widget_type=\"heading.default\">\n\t\t\t\t<div class=\"elementor-widget-container\">\n\t\t\t\t\t<h2 class=\"elementor-heading-title elementor-size-default\">La Piscine<\/h2>\t\t\t\t<\/div>\n\t\t\t\t<\/div>\n\t\t\t\t<section class=\"elementor-section elementor-inner-section elementor-element elementor-element-a0872f3 elementor-section-boxed elementor-section-height-default elementor-section-height-default\" data-id=\"a0872f3\" data-element_type=\"section\" data-e-type=\"section\">\n\t\t\t\t\t\t<div class=\"elementor-container elementor-column-gap-wider\">\n\t\t\t\t\t<div class=\"elementor-column elementor-col-50 elementor-inner-column elementor-element elementor-element-2cb9658\" data-id=\"2cb9658\" data-element_type=\"column\" data-e-type=\"column\">\n\t\t\t<div class=\"elementor-widget-wrap elementor-element-populated\">\n\t\t\t\t\t\t<div class=\"elementor-element elementor-element-382c859 elementor-widget elementor-widget-text-editor\" data-id=\"382c859\" data-element_type=\"widget\" data-e-type=\"widget\" data-widget_type=\"text-editor.default\">\n\t\t\t\t<div class=\"elementor-widget-container\">\n\t\t\t\t\t\t\t\t\t<p>Entour\u00e9e de verdure et de fleurs, la piscine du ch\u00e2teau de Bayssan est un lieu id\u00e9al pour se ressourcer et se relaxer.<\/p>\n<p>Une v\u00e9ritable oasis de fra\u00eecheur o\u00f9 il fait bon se baigner et se pr\u00e9lasser au soleil.<\/p>\n<p>Les transats confortables invitent \u00e0 la sieste et \u00e0 la lecture, tandis que la vue magnifique sur le parc ajoute une touche de magie \u00e0 ce lieu enchanteur.<\/p>\t\t\t\t\t\t\t\t<\/div>\n\t\t\t\t<\/div>\n\t\t\t\t\t<\/div>\n\t\t<\/div>\n\t\t\t\t<div class=\"elementor-column elementor-col-50 elementor-inner-column elementor-element elementor-element-d8135ab\" data-id=\"d8135ab\" data-element_type=\"column\" data-e-type=\"column\">\n\t\t\t<div class=\"elementor-widget-wrap elementor-element-populated\">\n\t\t\t\t\t\t<div class=\"elementor-element elementor-element-e61f886 elementor-widget__width-initial elementor-widget elementor-widget-text-editor\" data-id=\"e61f886\" data-element_type=\"widget\" data-e-type=\"widget\" data-widget_type=\"text-editor.default\">\n\t\t\t\t<div class=\"elementor-widget-container\">\n\t\t\t\t\t\t\t\t\t<p>Que vous soyez amateur de baignade ou simplement en qu\u00eate d&rsquo;un endroit paisible pour vous relaxer, notre bassin saura vous s\u00e9duire par son charme et sa qui\u00e9tude.<br><\/p>\n<p>Venez profiter de ce petit coin de paradis et laissez-vous emporter par la douceur de vivre qui r\u00e8gne en ces lieux.<\/p>\t\t\t\t\t\t\t\t<\/div>\n\t\t\t\t<\/div>\n\t\t\t\t<div class=\"elementor-element elementor-element-df8f43d elementor-widget elementor-widget-text-editor\" data-id=\"df8f43d\" data-element_type=\"widget\" data-e-type=\"widget\" data-widget_type=\"text-editor.default\">\n\t\t\t\t<div class=\"elementor-widget-container\">\n\t\t\t\t\t\t\t\t\t<p>La piscine chauff\u00e9e est ouverte de mai \u00e0 septembre de 10h \u00e0 20h (cl\u00f4tur\u00e9e mais non surveill\u00e9e).<\/p>\t\t\t\t\t\t\t\t<\/div>\n\t\t\t\t<\/div>\n\t\t\t\t\t<\/div>\n\t\t<\/div>\n\t\t\t\t\t<\/div>\n\t\t<\/section>\n\t\t\t\t\t<\/div>\n\t\t<\/div>\n\t\t\t\t\t<\/div>\n\t\t<\/section>\n\t\t\t\t<section class=\"elementor-section elementor-top-section elementor-element elementor-element-f719983 elementor-section-boxed elementor-section-height-default elementor-section-height-default\" data-id=\"f719983\" data-element_type=\"section\" data-e-type=\"section\" data-settings=\"{&quot;background_background&quot;:&quot;slideshow&quot;,&quot;background_slideshow_gallery&quot;:[{&quot;id&quot;:2334,&quot;url&quot;:&quot;https:\\\/\\\/chateaudebayssan.fr\\\/wp-content\\\/uploads\\\/2024\\\/05\\\/IMG_20240412_135426_560.jpg&quot;},{&quot;id&quot;:2333,&quot;url&quot;:&quot;https:\\\/\\\/chateaudebayssan.fr\\\/wp-content\\\/uploads\\\/2024\\\/05\\\/IMG_20240411_082349_832-scaled.jpg&quot;},{&quot;id&quot;:2332,&quot;url&quot;:&quot;https:\\\/\\\/chateaudebayssan.fr\\\/wp-content\\\/uploads\\\/2024\\\/05\\\/20240413_100603-scaled.jpg&quot;},{&quot;id&quot;:2331,&quot;url&quot;:&quot;https:\\\/\\\/chateaudebayssan.fr\\\/wp-content\\\/uploads\\\/2024\\\/05\\\/20240411_103519-scaled.jpg&quot;}],&quot;background_slideshow_loop&quot;:&quot;yes&quot;,&quot;background_slideshow_slide_duration&quot;:5000,&quot;background_slideshow_slide_transition&quot;:&quot;fade&quot;,&quot;background_slideshow_transition_duration&quot;:500}\">\n\t\t\t\t\t\t<div class=\"elementor-container elementor-column-gap-default\">\n\t\t\t\t\t<div class=\"elementor-column elementor-col-100 elementor-top-column elementor-element elementor-element-48eed26\" data-id=\"48eed26\" data-element_type=\"column\" data-e-type=\"column\">\n\t\t\t<div class=\"elementor-widget-wrap\">\n\t\t\t\t\t\t\t<\/div>\n\t\t<\/div>\n\t\t\t\t\t<\/div>\n\t\t<\/section>\n\t\t\t\t<\/div>\n\t\t","protected":false},"excerpt":{"rendered":"<p>Espace d\u00e9tente La Piscine Entour\u00e9e de verdure et de fleurs, la piscine du ch\u00e2teau de Bayssan est un lieu id\u00e9al pour se ressourcer et se relaxer. Une v\u00e9ritable oasis de fra\u00eecheur o\u00f9 il fait bon se baigner et se pr\u00e9lasser au soleil. Les transats confortables invitent \u00e0 la sieste et \u00e0 la lecture, tandis que [&hellip;]<\/p>\n","protected":false},"author":1,"featured_media":0,"parent":0,"menu_order":0,"comment_status":"closed","ping_status":"closed","template":"","meta":{"footnotes":""},"class_list":["post-2253","page","type-page","status-publish","hentry"],"yoast_head":"<!-- This site is optimized with the Yoast SEO plugin v27.4 - https:\/\/yoast.com\/product\/yoast-seo-wordpress\/ -->\n<title>Ch\u00e2teau de Bayssan | Espace d\u00e9tente<\/title>\n<meta name=\"description\" content=\"Le Ch\u00e2teau de Bayssan vous accueille \u00e0 B\u00e9ziers pour vos vacances ou vos \u00e9v\u00e9nements dans un H\u00f4tel Particulier enti\u00e8rement r\u00e9nov\u00e9 au milieu des vignes. Nos trois appartements confortables et baign\u00e9s de lumi\u00e8re peuvent accueillir entre 2 et 8 personnes.\" \/>\n<meta name=\"robots\" content=\"index, follow, max-snippet:-1, max-image-preview:large, max-video-preview:-1\" \/>\n<link rel=\"canonical\" href=\"https:\/\/chateaudebayssan.fr\/en\/espace-detente\/\" \/>\n<meta property=\"og:locale\" content=\"en_GB\" \/>\n<meta property=\"og:type\" content=\"article\" \/>\n<meta property=\"og:title\" content=\"Ch\u00e2teau de Bayssan | Espace d\u00e9tente\" \/>\n<meta property=\"og:description\" content=\"Le Ch\u00e2teau de Bayssan vous accueille \u00e0 B\u00e9ziers pour vos vacances ou vos \u00e9v\u00e9nements dans un H\u00f4tel Particulier enti\u00e8rement r\u00e9nov\u00e9 au milieu des vignes. Nos trois appartements confortables et baign\u00e9s de lumi\u00e8re peuvent accueillir entre 2 et 8 personnes.\" \/>\n<meta property=\"og:url\" content=\"https:\/\/chateaudebayssan.fr\/en\/espace-detente\/\" \/>\n<meta property=\"og:site_name\" content=\"Ch\u00e2teau de Bayssan\" \/>\n<meta property=\"article:publisher\" content=\"https:\/\/www.facebook.com\/profile.php?id=100094636358755\" \/>\n<meta property=\"article:modified_time\" content=\"2024-05-15T08:34:13+00:00\" \/>\n<meta property=\"og:image\" content=\"https:\/\/chateaudebayssan.fr\/wp-content\/uploads\/2023\/08\/couverture-facebook.jpg\" \/>\n\t<meta property=\"og:image:width\" content=\"1200\" \/>\n\t<meta property=\"og:image:height\" content=\"675\" \/>\n\t<meta property=\"og:image:type\" content=\"image\/jpeg\" \/>\n<meta name=\"twitter:card\" content=\"summary_large_image\" \/>\n<meta name=\"twitter:label1\" content=\"Estimated reading time\" \/>\n\t<meta name=\"twitter:data1\" content=\"1 minute\" \/>\n<script type=\"application\/ld+json\" class=\"yoast-schema-graph\">{\"@context\":\"https:\\\/\\\/schema.org\",\"@graph\":[{\"@type\":\"WebPage\",\"@id\":\"https:\\\/\\\/chateaudebayssan.fr\\\/espace-detente\\\/\",\"url\":\"https:\\\/\\\/chateaudebayssan.fr\\\/espace-detente\\\/\",\"name\":\"Ch\u00e2teau de Bayssan | Espace d\u00e9tente\",\"isPartOf\":{\"@id\":\"https:\\\/\\\/chateaudebayssan.fr\\\/#website\"},\"datePublished\":\"2024-05-13T12:22:13+00:00\",\"dateModified\":\"2024-05-15T08:34:13+00:00\",\"description\":\"Le Ch\u00e2teau de Bayssan vous accueille \u00e0 B\u00e9ziers pour vos vacances ou vos \u00e9v\u00e9nements dans un H\u00f4tel Particulier enti\u00e8rement r\u00e9nov\u00e9 au milieu des vignes. Nos trois appartements confortables et baign\u00e9s de lumi\u00e8re peuvent accueillir entre 2 et 8 personnes.\",\"breadcrumb\":{\"@id\":\"https:\\\/\\\/chateaudebayssan.fr\\\/espace-detente\\\/#breadcrumb\"},\"inLanguage\":\"en-GB\",\"potentialAction\":[{\"@type\":\"ReadAction\",\"target\":[\"https:\\\/\\\/chateaudebayssan.fr\\\/espace-detente\\\/\"]}]},{\"@type\":\"BreadcrumbList\",\"@id\":\"https:\\\/\\\/chateaudebayssan.fr\\\/espace-detente\\\/#breadcrumb\",\"itemListElement\":[{\"@type\":\"ListItem\",\"position\":1,\"name\":\"Accueil\",\"item\":\"https:\\\/\\\/chateaudebayssan.fr\\\/\"},{\"@type\":\"ListItem\",\"position\":2,\"name\":\"Espace d\u00e9tente\"}]},{\"@type\":\"WebSite\",\"@id\":\"https:\\\/\\\/chateaudebayssan.fr\\\/#website\",\"url\":\"https:\\\/\\\/chateaudebayssan.fr\\\/\",\"name\":\"Ch\u00e2teau de Bayssan\",\"description\":\"Maison d&#039;h\u00f4tes et r\u00e9ception \u00e0 B\u00e9ziers\",\"publisher\":{\"@id\":\"https:\\\/\\\/chateaudebayssan.fr\\\/#organization\"},\"alternateName\":\"Bayssan\",\"potentialAction\":[{\"@type\":\"SearchAction\",\"target\":{\"@type\":\"EntryPoint\",\"urlTemplate\":\"https:\\\/\\\/chateaudebayssan.fr\\\/?s={search_term_string}\"},\"query-input\":{\"@type\":\"PropertyValueSpecification\",\"valueRequired\":true,\"valueName\":\"search_term_string\"}}],\"inLanguage\":\"en-GB\"},{\"@type\":\"Organization\",\"@id\":\"https:\\\/\\\/chateaudebayssan.fr\\\/#organization\",\"name\":\"Ch\u00e2teau de Bayssan\",\"alternateName\":\"Bayssan\",\"url\":\"https:\\\/\\\/chateaudebayssan.fr\\\/\",\"logo\":{\"@type\":\"ImageObject\",\"inLanguage\":\"en-GB\",\"@id\":\"https:\\\/\\\/chateaudebayssan.fr\\\/#\\\/schema\\\/logo\\\/image\\\/\",\"url\":\"https:\\\/\\\/chateaudebayssan.fr\\\/wp-content\\\/uploads\\\/2023\\\/08\\\/logo-chateau-de-bayssan.jpg\",\"contentUrl\":\"https:\\\/\\\/chateaudebayssan.fr\\\/wp-content\\\/uploads\\\/2023\\\/08\\\/logo-chateau-de-bayssan.jpg\",\"width\":2500,\"height\":2500,\"caption\":\"Ch\u00e2teau de Bayssan\"},\"image\":{\"@id\":\"https:\\\/\\\/chateaudebayssan.fr\\\/#\\\/schema\\\/logo\\\/image\\\/\"},\"sameAs\":[\"https:\\\/\\\/www.facebook.com\\\/profile.php?id=100094636358755\",\"https:\\\/\\\/www.instagram.com\\\/chateaudebayssan\\\/\"]}]}<\/script>\n<!-- \/ Yoast SEO plugin. -->","yoast_head_json":{"title":"Ch\u00e2teau de Bayssan | Espace d\u00e9tente","description":"Le Ch\u00e2teau de Bayssan vous accueille \u00e0 B\u00e9ziers pour vos vacances ou vos \u00e9v\u00e9nements dans un H\u00f4tel Particulier enti\u00e8rement r\u00e9nov\u00e9 au milieu des vignes. Nos trois appartements confortables et baign\u00e9s de lumi\u00e8re peuvent accueillir entre 2 et 8 personnes.","robots":{"index":"index","follow":"follow","max-snippet":"max-snippet:-1","max-image-preview":"max-image-preview:large","max-video-preview":"max-video-preview:-1"},"canonical":"https:\/\/chateaudebayssan.fr\/en\/espace-detente\/","og_locale":"en_GB","og_type":"article","og_title":"Ch\u00e2teau de Bayssan | Espace d\u00e9tente","og_description":"Le Ch\u00e2teau de Bayssan vous accueille \u00e0 B\u00e9ziers pour vos vacances ou vos \u00e9v\u00e9nements dans un H\u00f4tel Particulier enti\u00e8rement r\u00e9nov\u00e9 au milieu des vignes. Nos trois appartements confortables et baign\u00e9s de lumi\u00e8re peuvent accueillir entre 2 et 8 personnes.","og_url":"https:\/\/chateaudebayssan.fr\/en\/espace-detente\/","og_site_name":"Ch\u00e2teau de Bayssan","article_publisher":"https:\/\/www.facebook.com\/profile.php?id=100094636358755","article_modified_time":"2024-05-15T08:34:13+00:00","og_image":[{"width":1200,"height":675,"url":"https:\/\/chateaudebayssan.fr\/wp-content\/uploads\/2023\/08\/couverture-facebook.jpg","type":"image\/jpeg"}],"twitter_card":"summary_large_image","twitter_misc":{"Estimated reading time":"1 minute"},"schema":{"@context":"https:\/\/schema.org","@graph":[{"@type":"WebPage","@id":"https:\/\/chateaudebayssan.fr\/espace-detente\/","url":"https:\/\/chateaudebayssan.fr\/espace-detente\/","name":"Ch\u00e2teau de Bayssan | Espace d\u00e9tente","isPartOf":{"@id":"https:\/\/chateaudebayssan.fr\/#website"},"datePublished":"2024-05-13T12:22:13+00:00","dateModified":"2024-05-15T08:34:13+00:00","description":"Le Ch\u00e2teau de Bayssan vous accueille \u00e0 B\u00e9ziers pour vos vacances ou vos \u00e9v\u00e9nements dans un H\u00f4tel Particulier enti\u00e8rement r\u00e9nov\u00e9 au milieu des vignes. Nos trois appartements confortables et baign\u00e9s de lumi\u00e8re peuvent accueillir entre 2 et 8 personnes.","breadcrumb":{"@id":"https:\/\/chateaudebayssan.fr\/espace-detente\/#breadcrumb"},"inLanguage":"en-GB","potentialAction":[{"@type":"ReadAction","target":["https:\/\/chateaudebayssan.fr\/espace-detente\/"]}]},{"@type":"BreadcrumbList","@id":"https:\/\/chateaudebayssan.fr\/espace-detente\/#breadcrumb","itemListElement":[{"@type":"ListItem","position":1,"name":"Accueil","item":"https:\/\/chateaudebayssan.fr\/"},{"@type":"ListItem","position":2,"name":"Espace d\u00e9tente"}]},{"@type":"WebSite","@id":"https:\/\/chateaudebayssan.fr\/#website","url":"https:\/\/chateaudebayssan.fr\/","name":"Ch\u00e2teau de Bayssan","description":"Maison d&#039;h\u00f4tes et r\u00e9ception \u00e0 B\u00e9ziers","publisher":{"@id":"https:\/\/chateaudebayssan.fr\/#organization"},"alternateName":"Bayssan","potentialAction":[{"@type":"SearchAction","target":{"@type":"EntryPoint","urlTemplate":"https:\/\/chateaudebayssan.fr\/?s={search_term_string}"},"query-input":{"@type":"PropertyValueSpecification","valueRequired":true,"valueName":"search_term_string"}}],"inLanguage":"en-GB"},{"@type":"Organization","@id":"https:\/\/chateaudebayssan.fr\/#organization","name":"Ch\u00e2teau de Bayssan","alternateName":"Bayssan","url":"https:\/\/chateaudebayssan.fr\/","logo":{"@type":"ImageObject","inLanguage":"en-GB","@id":"https:\/\/chateaudebayssan.fr\/#\/schema\/logo\/image\/","url":"https:\/\/chateaudebayssan.fr\/wp-content\/uploads\/2023\/08\/logo-chateau-de-bayssan.jpg","contentUrl":"https:\/\/chateaudebayssan.fr\/wp-content\/uploads\/2023\/08\/logo-chateau-de-bayssan.jpg","width":2500,"height":2500,"caption":"Ch\u00e2teau de Bayssan"},"image":{"@id":"https:\/\/chateaudebayssan.fr\/#\/schema\/logo\/image\/"},"sameAs":["https:\/\/www.facebook.com\/profile.php?id=100094636358755","https:\/\/www.instagram.com\/chateaudebayssan\/"]}]}},"_links":{"self":[{"href":"https:\/\/chateaudebayssan.fr\/en\/wp-json\/wp\/v2\/pages\/2253","targetHints":{"allow":["GET"]}}],"collection":[{"href":"https:\/\/chateaudebayssan.fr\/en\/wp-json\/wp\/v2\/pages"}],"about":[{"href":"https:\/\/chateaudebayssan.fr\/en\/wp-json\/wp\/v2\/types\/page"}],"author":[{"embeddable":true,"href":"https:\/\/chateaudebayssan.fr\/en\/wp-json\/wp\/v2\/users\/1"}],"replies":[{"embeddable":true,"href":"https:\/\/chateaudebayssan.fr\/en\/wp-json\/wp\/v2\/comments?post=2253"}],"version-history":[{"count":49,"href":"https:\/\/chateaudebayssan.fr\/en\/wp-json\/wp\/v2\/pages\/2253\/revisions"}],"predecessor-version":[{"id":2578,"href":"https:\/\/chateaudebayssan.fr\/en\/wp-json\/wp\/v2\/pages\/2253\/revisions\/2578"}],"wp:attachment":[{"href":"https:\/\/chateaudebayssan.fr\/en\/wp-json\/wp\/v2\/media?parent=2253"}],"curies":[{"name":"wp","href":"https:\/\/api.w.org\/{rel}","templated":true}]}}